{"id":37964,"date":"2020-06-07T11:48:47","date_gmt":"2020-06-07T09:48:47","guid":{"rendered":"https:\/\/darkwavethermo.com\/?page_id=37964"},"modified":"2025-08-13T10:03:05","modified_gmt":"2025-08-13T08:03:05","slug":"strumentazione-2","status":"publish","type":"page","link":"https:\/\/darkwavethermo.com\/de\/strumentazione-2\/","title":{"rendered":"Messtechnik"},"content":{"rendered":"<h1>Messtechnik<\/h1>\n<h3>\n<p>M\u00f6chten Sie mit denselben leistungsstarken Messger\u00e4ten arbeiten, die wir t\u00e4glich zum Condition Monitoring verwenden?<\/p>\n<\/h3>\n<h3>\n<p><strong>Sie k\u00f6nnen Sie bei uns erwerben und unabh\u00e4ngig werden. Wir stehen ihnen weiterhin unterst\u00fctzend zur Seite.<\/strong><\/p>\n<\/h3>\n<p>\n    <a href=\"\/de\/contattaci\/\">Kontaktieren Sie uns<\/a>\n<\/p>\n<h3>\n<p><strong>Motion Amplification\u00ae IRIS-M\u2122\/IRIS-MX\u2122\/IRIS-CM\u2122<\/strong><\/p>\n<\/h3>\n<h3>\n<p>Die neue bahnbrechende Innovation in der Schwingungsanalyse von Maschinen, Systemen und Strukturen.<\/p>\n<\/h3>\n<p>\n    <a href=\"\/de\/strumentazione-2\/motion-amplification-iris-m-e-iris-mx\/\">Erfahren Sie mehr<\/a>\n<\/p>\n<p><img src=\"\/wp-content\/uploads\/2020\/03\/dwt-strumentazione-sfondo_2020.png\" alt=\"\"><\/p>\n<h3>\n<p><strong>Messger\u00e4te von SPM Instrument<\/strong><\/p>\n<\/h3>\n<h3>\n<p>Analyse von Lagern und Zahngetrieben von rotierenden Maschinen. Weltweit f\u00fchrend auf dem Markt f\u00fcr niedrige und sehr niedrige Drehgeschwindigkeiten.<\/p>\n<\/h3>\n<p>\n    <a href=\"\/de\/strumentazione-2\/strumentazione-spm\/\">Erfahren Sie mehr<\/a>\n<\/p>\n<p><img src=\"\/wp-content\/uploads\/2020\/03\/Untitled-1-b-e1584961270192.png\" alt=\"\"><\/p>\n<h3>\n<p><strong>Messger\u00e4te von ALL-TEST PRO <\/strong><\/p>\n<\/h3>\n<h3>\n<p>Motortestverfahren MCA &amp; ESA: Weltweit f\u00fchrend auf dem Markt f\u00fcr die Analyse von Elektromotoren mittels Handmessger\u00e4t.<\/p>\n<\/h3>\n<p>\n    <a href=\"\/de\/strumentazione-2\/strumentazione-alltest-pro\/\">Erfahren Sie mehr<\/a>\n<\/p>\n<p><img src=\"\/wp-content\/uploads\/2020\/03\/all-test-pro-banner_ombra_20200320-2-bb3954d0.png\" alt=\"\"><\/p>\n<h3><strong>Wir erwarten Sie in der fantastischen, unglaublichen und faszinierenden Welt des Condition Monitoring!<\/strong><\/h3>\n<p>\n    <a href=\"\/de\/contattaci\/\">Kontaktieren Sie uns<\/a>\n<\/p>\n<p><!-- {\"children\":[{\"type\":\"section\",\"props\":{\"style\":\"default\",\"width\":\"default\",\"vertical_align\":\"middle\",\"title_position\":\"top-left\",\"title_rotation\":\"left\",\"title_breakpoint\":\"xl\",\"image_position\":\"center-center\"},\"children\":[{\"type\":\"row\",\"children\":[{\"type\":\"column\",\"props\":{\"image_position\":\"center-center\",\"media_overlay_gradient\":\"\",\"width_medium\":\"1-1\"},\"children\":[{\"type\":\"headline\",\"props\":{\"title_element\":\"h1\",\"title_style\":\"h1\",\"text_align\":\"center\",\"content\":\"Messtechnik\"}},{\"type\":\"headline\",\"props\":{\"title_element\":\"h3\",\"title_style\":\"h3\",\"maxwidth\":\"xlarge\",\"block_align\":\"center\",\"text_align\":\"center\",\"content\":\"\n\n<p>M\\u00f6chten Sie mit denselben leistungsstarken Messger\\u00e4ten arbeiten, die wir t\\u00e4glich zum Condition Monitoring verwenden?<\\\/p>\",\"margin_remove_top\":true}},{\"type\":\"headline\",\"props\":{\"title_element\":\"h3\",\"title_style\":\"h3\",\"maxwidth\":\"xlarge\",\"block_align\":\"center\",\"text_align\":\"center\",\"content\":\"\n\n<p><strong>Sie k\\u00f6nnen Sie bei uns erwerben und unabh\\u00e4ngig werden. Wir stehen ihnen weiterhin unterst\\u00fctzend zur Seite.<\\\/strong><\\\/p>\",\"margin_remove_top\":true}},{\"type\":\"button\",\"props\":{\"margin\":\"medium\",\"text_align\":\"center\",\"css\":\".uk-button {font-weight:bold;border-radius:30px;text-transform:none;}\",\"grid_column_gap\":\"small\",\"grid_row_gap\":\"small\"},\"children\":[{\"type\":\"button_item\",\"props\":{\"button_style\":\"secondary\",\"icon_align\":\"left\",\"content\":\"Kontaktieren Sie uns\",\"link\":\"de\\\/contattaci\\\/\"}}]}]}]}]},{\"type\":\"section\",\"props\":{\"style\":\"muted\",\"width\":\"xlarge\",\"vertical_align\":\"middle\",\"title_position\":\"top-left\",\"title_rotation\":\"left\",\"title_breakpoint\":\"xl\",\"image_position\":\"center-center\",\"padding_remove_bottom\":true},\"children\":[{\"type\":\"row\",\"props\":{\"margin\":\"remove-vertical\"},\"children\":[{\"type\":\"column\",\"props\":{\"image_position\":\"center-center\",\"media_overlay_gradient\":\"\",\"width_medium\":\"1-1\"},\"children\":[{\"type\":\"headline\",\"props\":{\"title_element\":\"h3\",\"title_style\":\"h3\",\"text_align\":\"center\",\"content\":\"\n\n<p><strong>Motion Amplification\\u00ae IRIS-M\\u2122\\\/IRIS-MX\\u2122\\\/IRIS-CM\\u2122<\\\/strong><\\\/p>\",\"css\":\".el-element {padding-top:40px}\"}},{\"type\":\"headline\",\"props\":{\"title_element\":\"h3\",\"title_style\":\"h3\",\"maxwidth\":\"large\",\"block_align\":\"center\",\"text_align\":\"center\",\"content\":\"\n\n<p>Die neue bahnbrechende Innovation in der Schwingungsanalyse von Maschinen, Systemen und Strukturen.<\\\/p>\",\"margin_remove_top\":true}},{\"type\":\"button\",\"props\":{\"margin\":\"default\",\"text_align\":\"center\",\"text_align_breakpoint\":\"s\",\"text_align_fallback\":\"center\",\"css\":\".el-content {color:#3391FF}\",\"grid_column_gap\":\"\",\"grid_row_gap\":\"\"},\"children\":[{\"type\":\"button_item\",\"props\":{\"button_style\":\"link-text\",\"icon_align\":\"right\",\"content\":\"Erfahren Sie mehr\",\"icon\":\"chevron-right\",\"link\":\"de\\\/strumentazione-2\\\/motion-amplification-iris-m-e-iris-mx\\\/\"}}]},{\"type\":\"image\",\"props\":{\"margin\":\"default\",\"image_svg_color\":\"emphasis\",\"text_align\":\"center\",\"image\":\"wp-content\\\/uploads\\\/2020\\\/03\\\/dwt-strumentazione-sfondo_2020.png\",\"margin_remove_bottom\":true}}]}]}]},{\"type\":\"section\",\"props\":{\"style\":\"default\",\"width\":\"\",\"vertical_align\":\"middle\",\"title_position\":\"top-left\",\"title_rotation\":\"left\",\"title_breakpoint\":\"xl\",\"image_position\":\"center-center\",\"padding\":\"xsmall\",\"padding_remove_top\":false},\"children\":[{\"type\":\"row\",\"props\":{\"layout\":\"1-2,1-2\",\"margin_remove_top\":false,\"column_gap\":\"small\",\"row_gap\":\"small\"},\"children\":[{\"type\":\"column\",\"props\":{\"image_position\":\"bottom-center\",\"media_overlay_gradient\":\"\",\"style\":\"secondary\",\"padding\":\"none\",\"image\":\"wp-content\\\/uploads\\\/2020\\\/03\\\/pixel.png\",\"image_size\":\"contain\",\"media_background\":\"#000000\",\"width_medium\":\"1-2\"},\"children\":[{\"type\":\"headline\",\"props\":{\"title_element\":\"h3\",\"title_style\":\"h3\",\"text_align\":\"center\",\"content\":\"\n\n<p><strong>Messger\\u00e4te von SPM Instrument<\\\/strong><\\\/p>\",\"css\":\".el-element {padding-top:40px}\"}},{\"type\":\"headline\",\"props\":{\"title_element\":\"h3\",\"title_style\":\"h3\",\"maxwidth\":\"large\",\"block_align\":\"center\",\"text_align\":\"center\",\"content\":\"\n\n<p>Analyse von Lagern und Zahngetrieben von rotierenden Maschinen. Weltweit f\\u00fchrend auf dem Markt f\\u00fcr niedrige und sehr niedrige Drehgeschwindigkeiten.<\\\/p>\",\"margin_remove_top\":true}},{\"type\":\"button\",\"props\":{\"margin\":\"default\",\"text_align\":\"center\",\"text_align_breakpoint\":\"s\",\"text_align_fallback\":\"center\",\"css\":\".el-content {color:#3391FF}\",\"grid_column_gap\":\"\",\"grid_row_gap\":\"\"},\"children\":[{\"type\":\"button_item\",\"props\":{\"button_style\":\"link-text\",\"icon_align\":\"right\",\"content\":\"Erfahren Sie mehr\",\"icon\":\"chevron-right\",\"link\":\"de\\\/strumentazione-2\\\/strumentazione-spm\\\/\"}}]},{\"type\":\"image\",\"props\":{\"margin\":\"default\",\"image_svg_color\":\"emphasis\",\"text_align\":\"center\",\"image\":\"wp-content\\\/uploads\\\/2020\\\/03\\\/Untitled-1-b-e1584961270192.png\"}}]},{\"type\":\"column\",\"props\":{\"image_position\":\"center-center\",\"media_overlay_gradient\":\"\",\"style\":\"muted\",\"padding\":\"none\",\"width_medium\":\"1-2\"},\"children\":[{\"type\":\"headline\",\"props\":{\"title_element\":\"h3\",\"title_style\":\"h3\",\"text_align\":\"center\",\"content\":\"\n\n<p><strong>Messger\\u00e4te von ALL-TEST PRO <\\\/strong><\\\/p>\",\"css\":\".el-element {padding-top:40px}\"}},{\"type\":\"headline\",\"props\":{\"title_element\":\"h3\",\"title_style\":\"h3\",\"maxwidth\":\"large\",\"block_align\":\"center\",\"text_align\":\"center\",\"content\":\"\n\n<p>Motortestverfahren MCA &amp; ESA: Weltweit f\\u00fchrend auf dem Markt f\\u00fcr die Analyse von Elektromotoren mittels Handmessger\\u00e4t.<\\\/p>\",\"margin_remove_top\":true}},{\"type\":\"button\",\"props\":{\"margin\":\"default\",\"text_align\":\"center\",\"text_align_breakpoint\":\"s\",\"text_align_fallback\":\"center\",\"css\":\".el-content {color:#3391FF}\",\"grid_column_gap\":\"\",\"grid_row_gap\":\"\"},\"children\":[{\"type\":\"button_item\",\"props\":{\"button_style\":\"link-text\",\"icon_align\":\"right\",\"content\":\"Erfahren Sie mehr\",\"icon\":\"chevron-right\",\"link\":\"de\\\/strumentazione-2\\\/strumentazione-alltest-pro\\\/\"}}]},{\"type\":\"image\",\"props\":{\"margin\":\"default\",\"image_svg_color\":\"emphasis\",\"text_align\":\"center\",\"image\":\"wp-content\\\/uploads\\\/2020\\\/03\\\/all-test-pro-banner_ombra_20200320-2-bb3954d0.png\"}}]}]}],\"name\":\"Panels 2\"},{\"type\":\"section\",\"props\":{\"style\":\"default\",\"width\":\"default\",\"vertical_align\":\"middle\",\"title_position\":\"top-left\",\"title_rotation\":\"left\",\"title_breakpoint\":\"xl\",\"image_position\":\"center-center\"},\"children\":[{\"type\":\"row\",\"children\":[{\"type\":\"column\",\"props\":{\"image_position\":\"center-center\",\"media_overlay_gradient\":\"\",\"width_medium\":\"1-1\"},\"children\":[{\"type\":\"headline\",\"props\":{\"title_element\":\"h3\",\"title_style\":\"h3\",\"maxwidth\":\"xlarge\",\"block_align\":\"center\",\"text_align\":\"center\",\"content\":\"<strong>Wir erwarten Sie in der fantastischen, unglaublichen und faszinierenden Welt des Condition Monitoring!<\\\/strong>\"}},{\"type\":\"button\",\"props\":{\"margin\":\"medium\",\"text_align\":\"center\",\"css\":\".uk-button {font-weight:bold;border-radius:30px;text-transform:none;}\",\"grid_column_gap\":\"small\",\"grid_row_gap\":\"small\"},\"children\":[{\"type\":\"button_item\",\"props\":{\"button_style\":\"secondary\",\"icon_align\":\"left\",\"content\":\"Kontaktieren Sie uns\",\"link\":\"de\\\/contattaci\\\/\"}}]}]}]}]}],\"version\":\"2.3.27\",\"type\":\"layout\"} --><\/p>\n","protected":false},"excerpt":{"rendered":"<p>Messtechnik M\u00f6chten Sie mit denselben leistungsstarken Messger\u00e4ten arbeiten, die wir t\u00e4glich zum Condition Monitoring verwenden? Sie k\u00f6nnen Sie bei uns erwerben und unabh\u00e4ngig werden. Wir stehen ihnen weiterhin unterst\u00fctzend zur Seite. Kontaktieren Sie uns Motion Amplification\u00ae IRIS-M\u2122\/IRIS-MX\u2122\/IRIS-CM\u2122 Die neue bahnbrechende Innovation in der Schwingungsanalyse von Maschinen, Systemen und Strukturen. Erfahren Sie mehr Messger\u00e4te von SPM [&hellip;]<\/p>\n","protected":false},"author":1,"featured_media":0,"parent":0,"menu_order":0,"comment_status":"closed","ping_status":"closed","template":"","meta":[],"_links":{"self":[{"href":"https:\/\/darkwavethermo.com\/de\/wp-json\/wp\/v2\/pages\/37964"}],"collection":[{"href":"https:\/\/darkwavethermo.com\/de\/wp-json\/wp\/v2\/pages"}],"about":[{"href":"https:\/\/darkwavethermo.com\/de\/wp-json\/wp\/v2\/types\/page"}],"author":[{"embeddable":true,"href":"https:\/\/darkwavethermo.com\/de\/wp-json\/wp\/v2\/users\/1"}],"replies":[{"embeddable":true,"href":"https:\/\/darkwavethermo.com\/de\/wp-json\/wp\/v2\/comments?post=37964"}],"version-history":[{"count":31,"href":"https:\/\/darkwavethermo.com\/de\/wp-json\/wp\/v2\/pages\/37964\/revisions"}],"predecessor-version":[{"id":45146,"href":"https:\/\/darkwavethermo.com\/de\/wp-json\/wp\/v2\/pages\/37964\/revisions\/45146"}],"wp:attachment":[{"href":"https:\/\/darkwavethermo.com\/de\/wp-json\/wp\/v2\/media?parent=37964"}],"curies":[{"name":"wp","href":"https:\/\/api.w.org\/{rel}","templated":true}]}}