{"id":38319,"date":"2020-03-18T14:11:47","date_gmt":"2020-03-18T13:11:47","guid":{"rendered":"https:\/\/darkwavethermo.com\/multi-tecnica-industria\/termografia-teleriscaldamento\/"},"modified":"2025-07-22T16:18:00","modified_gmt":"2025-07-22T14:18:00","slug":"termografia-teleriscaldamento","status":"publish","type":"page","link":"https:\/\/darkwavethermo.com\/de\/multi-tecnica-industria\/termografia-teleriscaldamento\/","title":{"rendered":"Thermografie in der Fernw\u00e4rme"},"content":{"rendered":"<h1>\n<p>Die Thermografie erm\u00f6glicht eine genaue, pr\u00e4zise und zeiteffiziente Pr\u00fcfung von Fernw\u00e4rmenetzen.<\/p>\n<\/h1>\n<h3>\n<p>Seit \u00fcber 5 Jahren sind wir im Bereich der Leckageortung und dem Feststellen von Anomalien in Fernw\u00e4rmesystemen t\u00e4tig.<\/p>\n<\/h3>\n<div>\n<p>Wir arbeiten mit hochaufl\u00f6senden W\u00e4rmebildkameras und Weitwinkelobjektiven. Diese werden entweder auf PKW oder Kleinflugzeugen installiert, oder von Technikern zu Fuss bedient.<\/p>\n<p>Auf diese Weise ist es m\u00f6glich, kilometerlange Leitungsnetze zu kontrollieren, unabh\u00e4ngig davon, ob sie beispielsweise unter G\u00e4rten oder geparkten Fahrzeugen verlaufen.<\/p>\n<p>Jede festgestellte Anamolie wird am Boden markiert, so dass die f\u00fcr die Wartung zust\u00e4ndigen Fachleute die genaue Position erfahren.<\/p>\n<p>Zum besseren Tracking der kontrollierten Abschnitte werden die aufgenommenen Thermogramme mit einem Zeitstempel sowie GPS- Koordinaten versehen.<\/p>\n<p>Bei Bedarf k\u00f6nnen wir auch mit Drohnen arbeiten, bei der Gr\u00f6sse vieler Fernw\u00e4rmenetze ist jedoch die Analyse mittels an Fahrzeugen befestigten W\u00e4rmebildkameras \u00f6konomischer.<\/p>\n<\/div>\n<p><img src=\"\/wp-content\/uploads\/2020\/03\/Image_22-scaled.jpg\" alt=\"\"><br \/>\n<img src=\"\/wp-content\/uploads\/2020\/03\/Image_25-scaled.jpg\" alt=\"\"><br \/>\n<img src=\"\/wp-content\/uploads\/2020\/03\/Screenshot-2020-03-18-at-17.54.31.png\" alt=\"\"><br \/>\n<img src=\"\/wp-content\/uploads\/2019\/10\/darkwavethermo-occhio.png\" alt=\"\"><\/p>\n<h3>Wir \u00fcberpr\u00fcfen jedes Jahr in ganz Italien \u00fcber 1.000 km unterirdische Rohre.<br \/>Nur wir bei DarkWave Thermo k\u00f6nnen \u00e4hnliche Referenzen unter den Servicefirmen vorweisen.<\/h3>\n<p><img src=\"\/wp-content\/uploads\/2019\/08\/Diagram_radial_15.png\" alt=\"\"><\/p>\n<h3><strong>Wir \u00fcberpr\u00fcfen die Rohrleitungen Meter f\u00fcr Meter, mit dem Auto oder mit einem Flugzeug.<\/strong><\/h3>\n<div>\n<p>Alle Rohre des Fernw\u00e4rmenetzes werden im Auto Meter f\u00fcr Meter \u00fcberpr\u00fcft, wobei die Techniker bei jeder Anomalie anhalten, um diese zu untersuchen.<\/p>\n<p>Bei gr\u00f6\u00dferen Netzen erfolgen die Kontrollen mithilfe einer W\u00e4rmebildkamera, die an einem Flugzeug montiert ist, um Leckagen so schnell wie m\u00f6glich zu diagnostizieren.<\/p>\n<\/div>\n<p><img src=\"\/wp-content\/uploads\/2019\/08\/Group-14.png\" alt=\"\"><\/p>\n<h3>\n<p><strong>Wir folgen den Rohrleitungen und nehmen Videos der Routen auf.<\/strong><\/p>\n<\/h3>\n<div>\n<p>Im weiteren Verlauf werden alle W\u00e4rmebilder im \u00abradiometrischen Streaming\u00bb erfasst und auf einen Datentr\u00e4ger \u00fcbertragen.<\/p>\n<p>Die Techniker machen vor Ort eine Live-Analyse, die Thermogramme werden aber anschliessend sp\u00e4ter noch einmal \u00fcberpr\u00fcft und beispielsweise mit vorherigen Inspektionen abgeglichen.<\/p>\n<\/div>\n<p><img src=\"\/wp-content\/uploads\/2019\/08\/Group-13.png\" alt=\"\"><\/p>\n<h3><strong>Wir erkennen Anomalien schnell und pr\u00e4zise.<\/strong><\/h3>\n<div>\n<p>Der Einsatz hochentwickelter GPS-Ortungssysteme f\u00fcr die Aufnahmeposition in Kombination mit digitalen Kartierungssystemen erm\u00f6glicht es, Anomaliepunkte im Fernw\u00e4rmenetz \u00e4u\u00dferst pr\u00e4zise zu lokalisieren.<\/p>\n<p>Auf diese Weise k\u00f6nnen die f\u00fcr die Reparaturen zust\u00e4ndigen Techniker effizienter eingreifen.<\/p>\n<\/div>\n<ul>\n<li>\n<p>        <img src=\"\/wp-content\/uploads\/2020\/03\/Image_25-scaled.jpg\" alt=\"\"><\/p>\n<\/li>\n<li>\n<p>        <img src=\"\/wp-content\/uploads\/2020\/03\/Image_29-scaled.jpg\" alt=\"\"><\/p>\n<\/li>\n<li>\n<p>        <img src=\"\/wp-content\/uploads\/2020\/03\/Image_32-scaled.jpg\" alt=\"\"><\/p>\n<\/li>\n<\/ul>\n<h1>Zertifizierte Berichte der Stufe III<\/h1>\n<div>\n<p>Wir bei Darkwave Thermo f\u00fchren die Untersuchungen an Fernw\u00e4rmenetzen mit zwei zertifizierten Technikern der Stufe II oder h\u00f6her durch.<\/p>\n<p>Die Berichte werden alle anschliessend von unserem technischen Leiter, einem Thermografie-Experten der Stufe III und internationaler Ausbilder, \u00fcberpr\u00fcft.<\/p>\n<p>Dank der vor Ort aufgenommen radiometrischen Filme k\u00f6nnen wir w\u00e4hrend der Erstellung des technischen Berichts, noch mal alle Aufnahmen \u00fcberpr\u00fcfen, um garantiert nichts zu \u00fcbersehen.<\/p>\n<p>Dieser Inspektionsprozess, gepaart mit den kontinuierlichen Verbesserungen im Bereich W\u00e4rmebildkameras und unseren erfahrenen Technikern, erm\u00f6glicht eine effiziente und fehlerfreie Durchf\u00fchrung. Pro Einsatz werden so zwischen 10-500 km Leitungsnetz \u00fcberpr\u00fcft.<\/p>\n<\/div>\n<h3>\n<p><strong>Thermografie in der Fernw\u00e4rme: Kontaktieren Sie uns, um auch ihr Leitungsnetz zu \u00fcberpr\u00fcfen.<\/strong><\/p>\n<\/h3>\n<p>\n    <a href=\"\/de\/contattaci\/\">Kontaktieren Sie uns<\/a>\n<\/p>\n<p><!-- {\"type\":\"layout\",\"children\":[{\"type\":\"section\",\"props\":{\"style\":\"default\",\"width\":\"default\",\"vertical_align\":\"middle\",\"title_position\":\"top-left\",\"title_rotation\":\"left\",\"title_breakpoint\":\"xl\",\"image_position\":\"center-center\",\"width_expand\":\"right\",\"padding_remove_bottom\":true},\"children\":[{\"type\":\"row\",\"props\":{\"layout\":\"expand,large\",\"width\":\"xlarge\",\"width_expand\":\"right\",\"column_gap\":\"large\"},\"children\":[{\"type\":\"column\",\"props\":{\"image_position\":\"center-center\",\"media_overlay_gradient\":\"\",\"width_medium\":\"expand\"},\"children\":[{\"type\":\"headline\",\"props\":{\"title_element\":\"h1\",\"title_style\":\"h1\",\"content\":\"\n\n<p>Die Thermografie erm\\u00f6glicht eine genaue, pr\\u00e4zise und zeiteffiziente Pr\\u00fcfung von Fernw\\u00e4rmenetzen.<\\\/p>\"}},{\"type\":\"headline\",\"props\":{\"title_element\":\"h3\",\"title_style\":\"h3\",\"maxwidth\":\"xlarge\",\"content\":\"\n\n<p>Seit \\u00fcber 5 Jahren sind wir im Bereich der Leckageortung und dem Feststellen von Anomalien in Fernw\\u00e4rmesystemen t\\u00e4tig.<\\\/p>\"}},{\"type\":\"text\",\"props\":{\"margin\":\"medium\",\"column_breakpoint\":\"m\",\"content\":\"\n\n<p>Wir arbeiten mit hochaufl\\u00f6senden W\\u00e4rmebildkameras und Weitwinkelobjektiven. Diese werden entweder auf PKW oder Kleinflugzeugen installiert, oder von Technikern zu Fuss bedient.<\\\/p>\\n\n\n<p>Auf diese Weise ist es m\\u00f6glich, kilometerlange Leitungsnetze zu kontrollieren, unabh\\u00e4ngig davon, ob sie beispielsweise unter G\\u00e4rten oder geparkten Fahrzeugen verlaufen.<\\\/p>\\n\n\n<p>Jede festgestellte Anamolie wird am Boden markiert, so dass die f\\u00fcr die Wartung zust\\u00e4ndigen Fachleute die genaue Position erfahren.<\\\/p>\\n\n\n<p>Zum besseren Tracking der kontrollierten Abschnitte werden die aufgenommenen Thermogramme mit einem Zeitstempel sowie GPS- Koordinaten versehen.<\\\/p>\\n\n\n<p>Bei Bedarf k\\u00f6nnen wir auch mit Drohnen arbeiten, bei der Gr\\u00f6sse vieler Fernw\\u00e4rmenetze ist jedoch die Analyse mittels an Fahrzeugen befestigten W\\u00e4rmebildkameras \\u00f6konomischer.<\\\/p>\"}}]},{\"type\":\"column\",\"props\":{\"image_position\":\"center-center\",\"media_overlay_gradient\":\"\",\"width_medium\":\"xlarge\"},\"children\":[{\"type\":\"image\",\"props\":{\"margin\":\"default\",\"image_svg_color\":\"emphasis\",\"position\":\"relative\",\"text_align\":\"right\",\"image\":\"wp-content\\\/uploads\\\/2020\\\/03\\\/Image_22-scaled.jpg\"}},{\"type\":\"image\",\"props\":{\"margin\":\"default\",\"image_svg_color\":\"emphasis\",\"image\":\"wp-content\\\/uploads\\\/2020\\\/03\\\/Image_25-scaled.jpg\"}},{\"type\":\"image\",\"props\":{\"margin\":\"default\",\"image_svg_color\":\"emphasis\",\"image\":\"wp-content\\\/uploads\\\/2020\\\/03\\\/Screenshot-2020-03-18-at-17.54.31.png\"}}]}]}]},{\"type\":\"section\",\"props\":{\"style\":\"default\",\"width\":\"default\",\"vertical_align\":\"middle\",\"title_position\":\"top-left\",\"title_rotation\":\"left\",\"title_breakpoint\":\"xl\",\"image_position\":\"center-center\",\"padding\":\"small\",\"padding_remove_top\":false},\"children\":[{\"type\":\"row\",\"props\":{\"margin\":\"xlarge\",\"margin_remove_bottom\":false},\"children\":[{\"type\":\"column\",\"props\":{\"image_position\":\"center-center\",\"media_overlay_gradient\":\"\",\"width_medium\":\"1-1\"},\"children\":[{\"type\":\"image\",\"props\":{\"margin\":\"default\",\"image_svg_color\":\"emphasis\",\"maxwidth\":\"small\",\"block_align\":\"center\",\"text_align\":\"center\",\"image\":\"wp-content\\\/uploads\\\/2019\\\/10\\\/darkwavethermo-occhio.png\",\"margin_remove_bottom\":true}},{\"type\":\"headline\",\"props\":{\"title_element\":\"h3\",\"title_style\":\"h3\",\"text_align\":\"center\",\"content\":\"Wir \\u00fcberpr\\u00fcfen jedes Jahr in ganz Italien \\u00fcber 1.000 km unterirdische Rohre.<br \\\/>Nur wir bei DarkWave Thermo k\\u00f6nnen \\u00e4hnliche Referenzen unter den Servicefirmen vorweisen.\"}}]}]},{\"type\":\"row\",\"props\":{\"layout\":\"1-3,1-3,1-3\",\"margin\":\"xlarge\"},\"children\":[{\"type\":\"column\",\"props\":{\"image_position\":\"center-center\",\"media_overlay_gradient\":\"\",\"width_medium\":\"1-3\"},\"children\":[{\"type\":\"image\",\"props\":{\"margin\":\"remove-vertical\",\"image_svg_color\":\"emphasis\",\"text_align\":\"center\",\"image\":\"wp-content\\\/uploads\\\/2019\\\/08\\\/Diagram_radial_15.png\",\"margin_remove_bottom\":false}},{\"type\":\"headline\",\"props\":{\"title_element\":\"h3\",\"title_style\":\"h3\",\"margin\":\"small\",\"text_align\":\"center\",\"content\":\"<strong>Wir \\u00fcberpr\\u00fcfen die Rohrleitungen Meter f\\u00fcr Meter, mit dem Auto oder mit einem Flugzeug.<\\\/strong>\",\"margin_remove_top\":false}},{\"type\":\"text\",\"props\":{\"margin\":\"medium\",\"column_breakpoint\":\"m\",\"content\":\"\n\n<p>Alle Rohre des Fernw\\u00e4rmenetzes werden im Auto Meter f\\u00fcr Meter \\u00fcberpr\\u00fcft, wobei die Techniker bei jeder Anomalie anhalten, um diese zu untersuchen.<\\\/p>\\n\n\n<p>Bei gr\\u00f6\\u00dferen Netzen erfolgen die Kontrollen mithilfe einer W\\u00e4rmebildkamera, die an einem Flugzeug montiert ist, um Leckagen so schnell wie m\\u00f6glich zu diagnostizieren.<\\\/p>\"}}]},{\"type\":\"column\",\"props\":{\"image_position\":\"center-center\",\"media_overlay_gradient\":\"\",\"width_medium\":\"1-3\"},\"children\":[{\"type\":\"image\",\"props\":{\"margin\":\"remove-vertical\",\"image_svg_color\":\"emphasis\",\"text_align\":\"center\",\"image\":\"wp-content\\\/uploads\\\/2019\\\/08\\\/Group-14.png\",\"margin_remove_bottom\":false}},{\"type\":\"headline\",\"props\":{\"title_element\":\"h3\",\"title_style\":\"h3\",\"margin\":\"small\",\"text_align\":\"center\",\"content\":\"\n\n<p><strong>Wir folgen den Rohrleitungen und nehmen Videos der Routen auf.<\\\/strong><\\\/p>\",\"margin_remove_top\":false}},{\"type\":\"text\",\"props\":{\"margin\":\"medium\",\"column_breakpoint\":\"m\",\"content\":\"\n\n<p>Im weiteren Verlauf werden alle W\\u00e4rmebilder im \\u00abradiometrischen Streaming\\u00bb erfasst und auf einen Datentr\\u00e4ger \\u00fcbertragen.<\\\/p>\\n\n\n<p>Die Techniker machen vor Ort eine Live-Analyse, die Thermogramme werden aber anschliessend sp\\u00e4ter noch einmal \\u00fcberpr\\u00fcft und beispielsweise mit vorherigen Inspektionen abgeglichen.<\\\/p>\"}}]},{\"type\":\"column\",\"props\":{\"image_position\":\"center-center\",\"media_overlay_gradient\":\"\",\"width_medium\":\"1-3\"},\"children\":[{\"type\":\"image\",\"props\":{\"margin\":\"remove-vertical\",\"image_svg_color\":\"emphasis\",\"text_align\":\"center\",\"image\":\"wp-content\\\/uploads\\\/2019\\\/08\\\/Group-13.png\",\"margin_remove_bottom\":false}},{\"type\":\"headline\",\"props\":{\"title_element\":\"h3\",\"title_style\":\"h3\",\"margin\":\"small\",\"text_align\":\"center\",\"content\":\"<strong>Wir erkennen Anomalien schnell und pr\\u00e4zise.<\\\/strong>\",\"margin_remove_top\":false}},{\"type\":\"text\",\"props\":{\"margin\":\"medium\",\"column_breakpoint\":\"m\",\"content\":\"\n\n<p>Der Einsatz hochentwickelter GPS-Ortungssysteme f\\u00fcr die Aufnahmeposition in Kombination mit digitalen Kartierungssystemen erm\\u00f6glicht es, Anomaliepunkte im Fernw\\u00e4rmenetz \\u00e4u\\u00dferst pr\\u00e4zise zu lokalisieren.<\\\/p>\\n\n\n<p>Auf diese Weise k\\u00f6nnen die f\\u00fcr die Reparaturen zust\\u00e4ndigen Techniker effizienter eingreifen.<\\\/p>\"}}]}]}]},{\"type\":\"section\",\"props\":{\"style\":\"default\",\"width\":\"default\",\"vertical_align\":\"middle\",\"title_position\":\"top-left\",\"title_rotation\":\"left\",\"title_breakpoint\":\"xl\",\"image_position\":\"center-center\"},\"children\":[{\"type\":\"row\",\"children\":[{\"type\":\"column\",\"props\":{\"image_position\":\"center-center\",\"media_overlay_gradient\":\"\",\"width_medium\":\"1-1\"},\"children\":[{\"type\":\"slider\",\"props\":{\"show_title\":true,\"show_meta\":true,\"show_content\":true,\"show_link\":true,\"slider_width\":\"\",\"slider_width_default\":\"1-2\",\"slider_width_medium\":\"1-2\",\"slider_min_height\":\"250\",\"slider_autoplay_pause\":true,\"nav\":\"\",\"nav_align\":\"center\",\"nav_breakpoint\":\"s\",\"slidenav\":\"outside\",\"slidenav_margin\":\"large\",\"slidenav_breakpoint\":\"\",\"slidenav_outside_breakpoint\":\"l\",\"overlay_mode\":\"cover\",\"overlay_position\":\"bottom-center\",\"overlay_transition\":\"fade\",\"title_element\":\"h3\",\"meta_style\":\"meta\",\"meta_align\":\"below-title\",\"link_text\":\"Read more\",\"link_style\":\"default\",\"text_align\":\"center\",\"margin\":\"default\",\"slider_height\":\"\",\"slider_width_small\":\"1-2\",\"slider_width_large\":\"\",\"slider_width_xlarge\":\"\",\"nav_margin\":\"\",\"nav_color\":\"\",\"slidenav_color\":\"light\",\"slidenav_outside_color\":\"\",\"text_color\":\"light\",\"overlay_maxwidth\":\"medium\",\"text_align_breakpoint\":\"l\",\"css\":\".el-title {font-weight:bold}\\n\\n\\\/* .uk-slidenav {background: #eee;width: 50px;padding-top: 50px;padding-bottom: 50px;\\n} *\\\/\",\"slider_gap\":\"small\",\"image_height\":\"350\",\"title_hover_style\":\"reset\",\"meta_element\":\"div\"},\"children\":[{\"type\":\"slider_item\",\"props\":{\"image\":\"wp-content\\\/uploads\\\/2020\\\/03\\\/Image_25-scaled.jpg\",\"title\":\"\"}},{\"type\":\"slider_item\",\"props\":{\"image\":\"wp-content\\\/uploads\\\/2020\\\/03\\\/Image_29-scaled.jpg\",\"title\":\"\"}},{\"type\":\"slider_item\",\"props\":{\"image\":\"wp-content\\\/uploads\\\/2020\\\/03\\\/Image_32-scaled.jpg\",\"title\":\"\"}}]}]}]}]},{\"type\":\"section\",\"props\":{\"style\":\"default\",\"width\":\"default\",\"vertical_align\":\"middle\",\"title_position\":\"top-left\",\"title_rotation\":\"left\",\"title_breakpoint\":\"xl\",\"image_position\":\"bottom-right\",\"padding\":\"large\",\"image\":\"wp-content\\\/uploads\\\/2020\\\/03\\\/IMG_5053a-e1584870480559.png\",\"image_effect\":\"parallax\",\"image_visibility\":\"m\",\"padding_remove_top\":false,\"image_height\":\"600\",\"overlap\":false,\"image_parallax_bgx_end\":\"180\",\"image_parallax_bgy_start\":\"0\",\"image_parallax_bgy_end\":\"0\",\"image_parallax_easing\":\"0\",\"image_parallax_bgx_start\":\"-240\"},\"children\":[{\"type\":\"row\",\"props\":{\"layout\":\"1-2,1-2\"},\"children\":[{\"type\":\"column\",\"props\":{\"image_position\":\"center-center\",\"media_overlay_gradient\":\"\",\"width_medium\":\"1-2\"},\"children\":[{\"type\":\"headline\",\"props\":{\"title_element\":\"h1\",\"content\":\"Zertifizierte Berichte der Stufe III\"}},{\"type\":\"text\",\"props\":{\"margin\":\"default\",\"column_breakpoint\":\"m\",\"maxwidth\":\"xlarge\",\"content\":\"\n\n<p>Wir bei Darkwave Thermo f\\u00fchren die Untersuchungen an Fernw\\u00e4rmenetzen mit zwei zertifizierten Technikern der Stufe II oder h\\u00f6her durch.<\\\/p>\\n\n\n<p>Die Berichte werden alle anschliessend von unserem technischen Leiter, einem Thermografie-Experten der Stufe III und internationaler Ausbilder, \\u00fcberpr\\u00fcft.<\\\/p>\\n\n\n<p>Dank der vor Ort aufgenommen radiometrischen Filme k\\u00f6nnen wir w\\u00e4hrend der Erstellung des technischen Berichts, noch mal alle Aufnahmen \\u00fcberpr\\u00fcfen, um garantiert nichts zu \\u00fcbersehen.<\\\/p>\\n\n\n<p>Dieser Inspektionsprozess, gepaart mit den kontinuierlichen Verbesserungen im Bereich W\\u00e4rmebildkameras und unseren erfahrenen Technikern, erm\\u00f6glicht eine effiziente und fehlerfreie Durchf\\u00fchrung. Pro Einsatz werden so zwischen 10-500 km Leitungsnetz \\u00fcberpr\\u00fcft.<\\\/p>\"}}]},{\"type\":\"column\",\"props\":{\"image_position\":\"center-center\",\"media_overlay_gradient\":\"\",\"image\":\"\",\"image_size\":\"contain\",\"width_medium\":\"1-2\"},\"children\":[]}]}]},{\"type\":\"section\",\"props\":{\"style\":\"default\",\"width\":\"default\",\"vertical_align\":\"middle\",\"title_position\":\"top-left\",\"title_rotation\":\"left\",\"title_breakpoint\":\"xl\",\"image_position\":\"center-center\"},\"children\":[{\"type\":\"row\",\"children\":[{\"type\":\"column\",\"props\":{\"image_position\":\"center-center\",\"media_overlay_gradient\":\"\",\"width_medium\":\"1-1\"},\"children\":[]}]}]},{\"type\":\"section\",\"props\":{\"style\":\"secondary\",\"width\":\"small\",\"vertical_align\":\"middle\",\"title_position\":\"top-left\",\"title_rotation\":\"left\",\"title_breakpoint\":\"xl\",\"image_position\":\"center-center\",\"preserve_color\":true,\"padding_remove_top\":true,\"css\":\".uk-table td {padding: 16px 3px;}\",\"image\":\"\",\"image_size\":\"cover\"},\"children\":[{\"type\":\"row\",\"children\":[{\"type\":\"column\",\"props\":{\"image_position\":\"center-center\",\"media_overlay_gradient\":\"\",\"width_medium\":\"1-1\"},\"children\":[{\"type\":\"icon\",\"props\":{\"icon\":\"triangle-down\",\"margin\":\"remove-vertical\",\"text_align\":\"center\",\"css\":\".uk-icon {margin:-35px;color:white;}\",\"icon_width\":100}},{\"type\":\"headline\",\"props\":{\"title_element\":\"h3\",\"title_style\":\"h3\",\"maxwidth\":\"2xlarge\",\"block_align\":\"center\",\"text_align\":\"center\",\"content\":\"\n\n<p><strong>Thermografie in der Fernw\\u00e4rme: Kontaktieren Sie uns, um auch ihr Leitungsnetz zu \\u00fcberpr\\u00fcfen.<\\\/strong><\\\/p>\",\"css\":\".el-element {color:white;}\"}},{\"type\":\"button\",\"props\":{\"margin\":\"medium\",\"text_align\":\"center\",\"css\":\".uk-button {font-weight:bold;border-radius:30px;text-transform:none;box-shadow:none;}\",\"grid_column_gap\":\"small\",\"grid_row_gap\":\"small\"},\"children\":[{\"type\":\"button_item\",\"props\":{\"button_style\":\"secondary\",\"icon_align\":\"left\",\"content\":\"Kontaktieren Sie uns\",\"link\":\"de\\\/contattaci\\\/\"}}],\"name\":\"Button Secondary\"}]}]}],\"name\":\"Pre footer contattaci\"}],\"version\":\"2.3.27\"} --><\/p>\n","protected":false},"excerpt":{"rendered":"<p>Die Thermografie erm\u00f6glicht eine genaue, pr\u00e4zise und zeiteffiziente Pr\u00fcfung von Fernw\u00e4rmenetzen. Seit \u00fcber 5 Jahren sind wir im Bereich der Leckageortung und dem Feststellen von Anomalien in Fernw\u00e4rmesystemen t\u00e4tig. Wir arbeiten mit hochaufl\u00f6senden W\u00e4rmebildkameras und Weitwinkelobjektiven. Diese werden entweder auf PKW oder Kleinflugzeugen installiert, oder von Technikern zu Fuss bedient. Auf diese Weise ist es [&hellip;]<\/p>\n","protected":false},"author":6,"featured_media":0,"parent":38161,"menu_order":0,"comment_status":"closed","ping_status":"closed","template":"","meta":[],"_links":{"self":[{"href":"https:\/\/darkwavethermo.com\/de\/wp-json\/wp\/v2\/pages\/38319"}],"collection":[{"href":"https:\/\/darkwavethermo.com\/de\/wp-json\/wp\/v2\/pages"}],"about":[{"href":"https:\/\/darkwavethermo.com\/de\/wp-json\/wp\/v2\/types\/page"}],"author":[{"embeddable":true,"href":"https:\/\/darkwavethermo.com\/de\/wp-json\/wp\/v2\/users\/6"}],"replies":[{"embeddable":true,"href":"https:\/\/darkwavethermo.com\/de\/wp-json\/wp\/v2\/comments?post=38319"}],"version-history":[{"count":30,"href":"https:\/\/darkwavethermo.com\/de\/wp-json\/wp\/v2\/pages\/38319\/revisions"}],"predecessor-version":[{"id":45021,"href":"https:\/\/darkwavethermo.com\/de\/wp-json\/wp\/v2\/pages\/38319\/revisions\/45021"}],"up":[{"embeddable":true,"href":"https:\/\/darkwavethermo.com\/de\/wp-json\/wp\/v2\/pages\/38161"}],"wp:attachment":[{"href":"https:\/\/darkwavethermo.com\/de\/wp-json\/wp\/v2\/media?parent=38319"}],"curies":[{"name":"wp","href":"https:\/\/api.w.org\/{rel}","templated":true}]}}