{"id":38366,"date":"2019-12-27T20:04:44","date_gmt":"2019-12-27T19:04:44","guid":{"rendered":"https:\/\/darkwavethermo.com\/multi-tecnica-industria\/allineamento-laser-degli-alberi\/"},"modified":"2025-07-22T22:17:39","modified_gmt":"2025-07-22T20:17:39","slug":"allineamento-laser-degli-alberi","status":"publish","type":"page","link":"https:\/\/darkwavethermo.com\/de\/multi-tecnica-industria\/allineamento-laser-degli-alberi\/","title":{"rendered":"Pr\u04d3zisionsausrichtung von Wellen per Laser"},"content":{"rendered":"<h1>Pr\u00e4zisionsausrichtung von Wellen per Laser<\/h1>\n<h3>\n<p>Nur wenn eine Maschine pr\u00e4zise ausgerichtet ist, kann die maximale Lebensdauer der Lager erwartet werden<\/p>\n<\/h3>\n<div>\n<p>Die Pr\u00e4zisionsausrichtung von rotierenden Maschinen und Wellen ist der erste Schritt, um die maximale Haltbarkeit der Lager und Gelenke zu gew\u00e4hrleisten.<\/p>\n<p>Diese Praxis dient auch dazu, ein geringes Vibrationsniveau von Pumpen, L\u00fcftern oder Getrieben zu erreichen und so, eine lange Lebensdauer sicherzustellen.<\/p>\n<p>Die Pr\u00e4zisionsausrichtung wird durchgef\u00fchrt, indem zwei Laser zu beiden Seiten der Kupplung (f\u00fcr beide Wellen) angebracht werden.<\/p>\n<p>Anschliessend gen\u00fcgt es, ein paar Messdaten einzugeben und die Welle von Hand um etwas mehr als eine Halbumdrehung zu rotieren. Das Messger\u00e4t erkennt automatisch die Art und das Ausmass der Fehlausrichtung.<\/p>\n<p>Mit demselben Messger\u00e4t kann ein \u00abKippfuss\u00bb festgestellt werden. Dieser liegt vor, wenn das Aggregat nicht gleichm\u00e4ssig auf allen vier F\u00fcssen steht. Liegt ein Kippfuss vor, kann dies mit geeigneten Unterlagen korrigiert werden (\u00c4hnlich wie bei einem wackelnden Tisch).<\/p>\n<\/div>\n<p><img src=\"\/wp-content\/uploads\/2020\/03\/Diamond_Align_strap_Transparent-34fds.png\" alt=\"\"><br \/>\n<img src=\"\/wp-content\/uploads\/2019\/10\/darkwavethermo-occhio.png\" alt=\"\"><\/p>\n<h3>\n<p>Damit mechanische Komponenten ihre maximale Lebensdauer erreichen k\u00f6nnen, m\u00fcssen sie einwandfrei funktionieren.<\/p>\n<p>Wie sollen zwei Wellen mit Versatz einwandfrei funktionieren?<\/p>\n<p>Eine elastische Kupplung kann keine Wunder wirken und wird die durch die Fehlausrichtung verursachte Belastung nur geringf\u00fcgig mindern k\u00f6nnen. Und die Lager leiden dennoch.<\/p>\n<\/h3>\n<h3>\n<p>Nur wenn die Maschine pr\u00e4zise ausgerichtet ist, kann die maximale Lebensdauer der Lager erwartet werden<\/p>\n<\/h3>\n<div>\n<p>Man unterscheidet zwischen dem Parallel- und dem Winkelversatz. Sobald Art und Ausmass der Fehlausrichtung erkannt sind, werden kalibrierte Unterlegsscheiben unter jeden Fuss\u00a0 des Motors gelegt.<\/p>\n<p>Dadurch wird eine pr\u00e4zise Positionierung und eine maximale Abweichung von wenigen hundertstel Millimeter sichergestellt.<\/p>\n<p>Ist das betreffende Aggregat erheblichen Temperaturschwankungen ausgesetzt, muss der Techniker f\u00fcr eine sogennante \u00abW\u00e4rmekompensation\u00bb der thermischen Ausdehnungen sorgen.<\/p>\n<p>Die maximal tolerierte Fehlausrichtung kann Tabellen entnommmen werden, die entweder in den Herstellerangaben oder in begleitender Literatur der Messger\u00e4teanbieter zu finden sind.<\/p>\n<\/div>\n<p><img src=\"\/wp-content\/uploads\/2020\/03\/LineLazer.png\" alt=\"\"><\/p>\n<h3>Sehen wir uns die einzelnen Schritte bei der Ausrichtung von Maschinenwellen an:<\/h3>\n<table>\n<tbody>\n<tr>\n<td>1<\/td>\n<td>\n<p>Wir definieren mit ihnen, welche Maschinen ausgerichtet werden sollen.<\/p>\n<\/td>\n<\/tr>\n<\/tbody>\n<\/table>\n<table>\n<tbody>\n<tr>\n<td>2<\/td>\n<td>\n<p>Wir definieren die Ausrichtungstoleranzen, basierend auf Tabellen und Maschinentyp.<\/p>\n<\/td>\n<\/tr>\n<\/tbody>\n<\/table>\n<table>\n<tbody>\n<tr>\n<td>3<\/td>\n<td>\n<p>Wir positionieren die Laser auf beiden Wellen und richten Sie aufeinander aus.<\/p>\n<\/td>\n<\/tr>\n<\/tbody>\n<\/table>\n<table>\n<tbody>\n<tr>\n<td>4<\/td>\n<td>\n<p>Wir geben die notwendigen Abmessungen der auszurichtenden Maschinen ein.<\/p>\n<\/td>\n<\/tr>\n<\/tbody>\n<\/table>\n<table>\n<tbody>\n<tr>\n<td>5<\/td>\n<td>\n<p>Ein etwaiger \u00abKippfuss\u00bb wird vor der eigentlichen Ausrichtung behoben.<\/p>\n<\/td>\n<\/tr>\n<\/tbody>\n<\/table>\n<table>\n<tbody>\n<tr>\n<td>6<\/td>\n<td>\n<p>Die Welle wird h\u00e4ndisch gedreht, um die Fehlausrichtug sowie erforderliche Korrekturen zu bestimmen.<\/p>\n<\/td>\n<\/tr>\n<\/tbody>\n<\/table>\n<table>\n<tbody>\n<tr>\n<td>7<\/td>\n<td>\n<p>Die festgestellte Fehlausrichtung wird durch pr\u00e4zise Positionierung von Unterlegsscheiben korrigiert.<\/p>\n<\/td>\n<\/tr>\n<\/tbody>\n<\/table>\n<table>\n<tbody>\n<tr>\n<td>8<\/td>\n<td>\n<p>Nach dem Eingriff wird eine Kontrollmessung durchgef\u00fchrt, um festzustellen ob eine nachhaltige Minderung der Vibrationen eingetreten ist.<\/p>\n<\/td>\n<\/tr>\n<\/tbody>\n<\/table>\n<h3><strong>Ein erster\u00a0 Schritt in die pr\u00e4dikative Instandhaltung:<br \/><\/strong>Einfache und effektive Tools zur Analyste von Schwingungen und Lagern<strong><br \/><\/strong><\/h3>\n<p>\n    <a href=\"\/de\/strumentazione-2\/strumentazione-spm\/\">Erfahren Sie mehr<\/a>\n<\/p>\n<p><img src=\"\/wp-content\/uploads\/2020\/03\/BC_front_huvudmeny_v02.png\" alt=\"\"><\/p>\n<h3><strong>Der ultimative Schritt in die pr\u00e4dikative Instandhaltung:<br \/><\/strong>Hightech-Tools f\u00fcr Fortgeschrittene und Experten zur 360\u00b0- Schwingungsanalyse<strong><br \/><\/strong><\/h3>\n<p>\n    <a href=\"\/de\/strumentazione-2\/strumentazione-spm\/\">Erfahren Sie mehr<\/a>\n<\/p>\n<p><img src=\"\/wp-content\/uploads\/2020\/03\/Cover-photo-no-strap_1-kopia_v03.png\" alt=\"\"><\/p>\n<h3><strong>Fragen Sie uns nach unserem Service zur Pr\u00e4zisions-Ausrichtung per Laser.<\/strong><\/h3>\n<p>\n    <a href=\"\/de\/contattaci\/\">Kontakt<\/a>\n<\/p>\n<p><!-- {\"name\":\"Analisi Ultrasuoni Airborne\",\"type\":\"layout\",\"children\":[{\"type\":\"section\",\"props\":{\"style\":\"default\",\"width\":\"default\",\"vertical_align\":\"\",\"title_position\":\"top-left\",\"title_rotation\":\"left\",\"title_breakpoint\":\"xl\",\"image_position\":\"center-right\",\"width_expand\":\"right\",\"height\":\"full\",\"padding_remove_bottom\":true,\"image\":\"\",\"image_visibility\":\"m\",\"class\":\"\"},\"children\":[{\"type\":\"row\",\"props\":{\"layout\":\"1-2,1-2\",\"column_gap\":\"collapse\",\"row_gap\":\"large\"},\"children\":[{\"type\":\"column\",\"props\":{\"image_position\":\"center-center\",\"media_overlay_gradient\":\"\",\"width_medium\":\"1-2\"},\"children\":[{\"type\":\"headline\",\"props\":{\"title_element\":\"h1\",\"title_style\":\"h1\",\"content\":\"Pr\\u00e4zisionsausrichtung von Wellen per Laser\"}},{\"type\":\"headline\",\"props\":{\"title_element\":\"h3\",\"title_style\":\"h3\",\"maxwidth\":\"xlarge\",\"content\":\"\n\n<p>Nur wenn eine Maschine pr\\u00e4zise ausgerichtet ist, kann die maximale Lebensdauer der Lager erwartet werden<\\\/p>\"}},{\"type\":\"text\",\"props\":{\"margin\":\"default\",\"column_breakpoint\":\"m\",\"maxwidth\":\"xlarge\",\"content\":\"\n\n<p>Die Pr\\u00e4zisionsausrichtung von rotierenden Maschinen und Wellen ist der erste Schritt, um die maximale Haltbarkeit der Lager und Gelenke zu gew\\u00e4hrleisten.<\\\/p>\\n\n\n<p>Diese Praxis dient auch dazu, ein geringes Vibrationsniveau von Pumpen, L\\u00fcftern oder Getrieben zu erreichen und so, eine lange Lebensdauer sicherzustellen.<\\\/p>\\n\n\n<p>Die Pr\\u00e4zisionsausrichtung wird durchgef\\u00fchrt, indem zwei Laser zu beiden Seiten der Kupplung (f\\u00fcr beide Wellen) angebracht werden.<\\\/p>\\n\n\n<p>Anschliessend gen\\u00fcgt es, ein paar Messdaten einzugeben und die Welle von Hand um etwas mehr als eine Halbumdrehung zu rotieren. Das Messger\\u00e4t erkennt automatisch die Art und das Ausmass der Fehlausrichtung.<\\\/p>\\n\n\n<p>Mit demselben Messger\\u00e4t kann ein \\u00abKippfuss\\u00bb festgestellt werden. Dieser liegt vor, wenn das Aggregat nicht gleichm\\u00e4ssig auf allen vier F\\u00fcssen steht. Liegt ein Kippfuss vor, kann dies mit geeigneten Unterlagen korrigiert werden (\\u00c4hnlich wie bei einem wackelnden Tisch).<\\\/p>\"}}]},{\"type\":\"column\",\"props\":{\"image_position\":\"center-right\",\"media_overlay_gradient\":\"\",\"padding\":\"none\",\"image\":\"\",\"image_parallax_bgx_end\":\"0\",\"image_parallax_bgx_start\":\"390\",\"width_medium\":\"1-2\"},\"children\":[{\"type\":\"image\",\"props\":{\"margin\":\"default\",\"image_svg_color\":\"emphasis\",\"text_align\":\"right\",\"image\":\"wp-content\\\/uploads\\\/2020\\\/03\\\/Diamond_Align_strap_Transparent-34fds.png\",\"container_padding_remove\":true}}]}]}]},{\"type\":\"section\",\"props\":{\"style\":\"default\",\"width\":\"default\",\"vertical_align\":\"middle\",\"title_position\":\"top-left\",\"title_rotation\":\"left\",\"title_breakpoint\":\"xl\",\"image_position\":\"center-center\",\"padding\":\"small\"},\"children\":[{\"type\":\"row\",\"props\":{\"margin_remove_bottom\":true},\"children\":[{\"type\":\"column\",\"props\":{\"image_position\":\"center-center\",\"media_overlay_gradient\":\"\",\"width_medium\":\"1-1\"},\"children\":[{\"type\":\"image\",\"props\":{\"margin\":\"default\",\"image_svg_color\":\"emphasis\",\"text_align\":\"center\",\"image\":\"wp-content\\\/uploads\\\/2019\\\/10\\\/darkwavethermo-occhio.png\",\"margin_remove_bottom\":true}},{\"type\":\"headline\",\"props\":{\"title_element\":\"h3\",\"title_style\":\"h3\",\"margin\":\"default\",\"maxwidth\":\"2xlarge\",\"block_align\":\"center\",\"text_align\":\"center\",\"content\":\"\n\n<p>Damit mechanische Komponenten ihre maximale Lebensdauer erreichen k\\u00f6nnen, m\\u00fcssen sie einwandfrei funktionieren.<\\\/p>\\n\n\n<p>Wie sollen zwei Wellen mit Versatz einwandfrei funktionieren?<\\\/p>\\n\n\n<p>Eine elastische Kupplung kann keine Wunder wirken und wird die durch die Fehlausrichtung verursachte Belastung nur geringf\\u00fcgig mindern k\\u00f6nnen. Und die Lager leiden dennoch.<\\\/p>\"}}]}]}]},{\"type\":\"section\",\"props\":{\"style\":\"default\",\"width\":\"default\",\"vertical_align\":\"middle\",\"title_position\":\"top-left\",\"title_rotation\":\"left\",\"title_breakpoint\":\"xl\",\"image_position\":\"center-center\",\"padding\":\"small\",\"padding_remove_top\":false,\"padding_remove_bottom\":false},\"children\":[{\"type\":\"row\",\"props\":{\"layout\":\"1-2,1-2\"},\"children\":[{\"type\":\"column\",\"props\":{\"image_position\":\"center-center\",\"media_overlay_gradient\":\"\",\"width_medium\":\"1-2\"},\"children\":[{\"type\":\"headline\",\"props\":{\"title_element\":\"h3\",\"title_style\":\"h3\",\"maxwidth\":\"xlarge\",\"content\":\"\n\n<p>Nur wenn die Maschine pr\\u00e4zise ausgerichtet ist, kann die maximale Lebensdauer der Lager erwartet werden<\\\/p>\"}},{\"type\":\"text\",\"props\":{\"margin\":\"default\",\"column_breakpoint\":\"m\",\"content\":\"\n\n<p>Man unterscheidet zwischen dem Parallel- und dem Winkelversatz. Sobald Art und Ausmass der Fehlausrichtung erkannt sind, werden kalibrierte Unterlegsscheiben unter jeden Fuss\\u00a0 des Motors gelegt.<\\\/p>\\n\n\n<p>Dadurch wird eine pr\\u00e4zise Positionierung und eine maximale Abweichung von wenigen hundertstel Millimeter sichergestellt.<\\\/p>\\n\n\n<p>Ist das betreffende Aggregat erheblichen Temperaturschwankungen ausgesetzt, muss der Techniker f\\u00fcr eine sogennante \\u00abW\\u00e4rmekompensation\\u00bb der thermischen Ausdehnungen sorgen.<\\\/p>\\n\n\n<p>Die maximal tolerierte Fehlausrichtung kann Tabellen entnommmen werden, die entweder in den Herstellerangaben oder in begleitender Literatur der Messger\\u00e4teanbieter zu finden sind.<\\\/p>\"}}]},{\"type\":\"column\",\"props\":{\"image_position\":\"center-center\",\"media_overlay_gradient\":\"\",\"width_medium\":\"1-2\"},\"children\":[{\"type\":\"image\",\"props\":{\"margin\":\"\",\"image_svg_color\":\"emphasis\",\"text_align\":\"center\",\"visibility\":\"s\",\"image\":\"wp-content\\\/uploads\\\/2020\\\/03\\\/LineLazer.png\",\"position_bottom\":\"-40%\",\"image_alt\":\"\"},\"name\":\"\"}]}]}]},{\"type\":\"section\",\"props\":{\"style\":\"default\",\"width\":\"small\",\"vertical_align\":\"middle\",\"title_position\":\"top-left\",\"title_rotation\":\"left\",\"title_breakpoint\":\"xl\",\"image_position\":\"center-center\",\"text_color\":\"light\",\"padding\":\"small\",\"preserve_color\":false,\"padding_remove_top\":false,\"css\":\".uk-table td {padding: 16px 3px;}\\n.el-content {color:#ffffff}\",\"image\":\"wp-content\\\/uploads\\\/2019\\\/08\\\/background-pois.png\",\"image_size\":\"cover\",\"padding_remove_bottom\":false},\"children\":[{\"type\":\"row\",\"children\":[{\"type\":\"column\",\"props\":{\"image_position\":\"center-center\",\"media_overlay_gradient\":\"\",\"width_medium\":\"1-1\"},\"children\":[{\"type\":\"icon\",\"props\":{\"icon\":\"triangle-down\",\"margin\":\"remove-vertical\",\"text_align\":\"center\",\"css\":\".uk-icon {margin:-35px;color:white;}\",\"icon_width\":100}},{\"type\":\"headline\",\"props\":{\"title_element\":\"h3\",\"title_style\":\"h3\",\"text_align\":\"center\",\"content\":\"Sehen wir uns die einzelnen Schritte bei der Ausrichtung von Maschinenwellen an:\"}}]}]},{\"type\":\"row\",\"props\":{\"layout\":\"1-2,1-2\",\"margin\":\"medium\",\"margin_remove_bottom\":true,\"column_gap\":\"collapse\",\"row_gap\":\"collapse\"},\"children\":[{\"type\":\"column\",\"props\":{\"image_position\":\"center-center\",\"media_overlay_gradient\":\"\",\"width_medium\":\"1-2\"},\"children\":[{\"type\":\"table\",\"props\":{\"show_title\":true,\"show_meta\":true,\"show_content\":true,\"show_image\":true,\"show_link\":true,\"table_order\":\"1\",\"table_responsive\":\"overflow\",\"table_width_title\":\"shrink\",\"table_width_meta\":\"shrink\",\"meta_style\":\"meta\",\"image_svg_color\":\"emphasis\",\"link_text\":\"Read more\",\"link_style\":\"default\",\"table_style\":\"\",\"table_size\":\"\",\"table_last_align\":\"\",\"table_width_content\":\"medium\",\"margin\":\"remove-vertical\",\"table_justify\":false,\"css\":\".el-content {font-size:21px}\",\"table_vertical_align\":false},\"children\":[{\"type\":\"table_item\",\"props\":{\"title\":\"1\",\"content\":\"\n\n<p>Wir definieren mit ihnen, welche Maschinen ausgerichtet werden sollen.<\\\/p>\"}}]}]},{\"type\":\"column\",\"props\":{\"image_position\":\"center-center\",\"media_overlay_gradient\":\"\",\"width_medium\":\"1-2\"},\"children\":[{\"type\":\"table\",\"props\":{\"show_title\":true,\"show_meta\":true,\"show_content\":true,\"show_image\":true,\"show_link\":true,\"table_order\":\"1\",\"table_responsive\":\"overflow\",\"table_width_title\":\"shrink\",\"table_width_meta\":\"shrink\",\"meta_style\":\"meta\",\"image_svg_color\":\"emphasis\",\"link_text\":\"Read more\",\"link_style\":\"default\",\"table_style\":\"\",\"table_size\":\"\",\"table_last_align\":\"\",\"table_width_content\":\"medium\",\"margin\":\"remove-vertical\",\"table_justify\":false,\"css\":\".el-content {font-size:21px}\",\"table_vertical_align\":false},\"children\":[{\"type\":\"table_item\",\"props\":{\"title\":\"2\",\"content\":\"\n\n<p>Wir definieren die Ausrichtungstoleranzen, basierend auf Tabellen und Maschinentyp.<\\\/p>\"}}]}]}]},{\"type\":\"row\",\"props\":{\"layout\":\"1-2,1-2\",\"margin\":\"remove-vertical\",\"column_gap\":\"collapse\",\"row_gap\":\"collapse\"},\"children\":[{\"type\":\"column\",\"props\":{\"image_position\":\"center-center\",\"media_overlay_gradient\":\"\",\"width_medium\":\"1-2\"},\"children\":[{\"type\":\"table\",\"props\":{\"show_title\":true,\"show_meta\":true,\"show_content\":true,\"show_image\":true,\"show_link\":true,\"table_order\":\"1\",\"table_responsive\":\"overflow\",\"table_width_title\":\"shrink\",\"table_width_meta\":\"shrink\",\"meta_style\":\"meta\",\"image_svg_color\":\"emphasis\",\"link_text\":\"Read more\",\"link_style\":\"default\",\"table_style\":\"\",\"table_size\":\"\",\"table_last_align\":\"\",\"table_width_content\":\"medium\",\"margin\":\"remove-vertical\",\"table_justify\":false,\"css\":\".el-content {font-size:21px}\",\"table_vertical_align\":false},\"children\":[{\"type\":\"table_item\",\"props\":{\"title\":\"3\",\"content\":\"\n\n<p>Wir positionieren die Laser auf beiden Wellen und richten Sie aufeinander aus.<\\\/p>\"}}]}]},{\"type\":\"column\",\"props\":{\"image_position\":\"center-center\",\"media_overlay_gradient\":\"\",\"width_medium\":\"1-2\"},\"children\":[{\"type\":\"table\",\"props\":{\"show_title\":true,\"show_meta\":true,\"show_content\":true,\"show_image\":true,\"show_link\":true,\"table_order\":\"1\",\"table_responsive\":\"overflow\",\"table_width_title\":\"shrink\",\"table_width_meta\":\"shrink\",\"meta_style\":\"meta\",\"image_svg_color\":\"emphasis\",\"link_text\":\"Read more\",\"link_style\":\"default\",\"table_style\":\"\",\"table_size\":\"\",\"table_last_align\":\"\",\"table_width_content\":\"medium\",\"margin\":\"remove-vertical\",\"table_justify\":false,\"css\":\".el-content {font-size:21px}\",\"table_vertical_align\":false},\"children\":[{\"type\":\"table_item\",\"props\":{\"title\":\"4\",\"content\":\"\n\n<p>Wir geben die notwendigen Abmessungen der auszurichtenden Maschinen ein.<\\\/p>\"}}]}]}]},{\"type\":\"row\",\"props\":{\"layout\":\"1-2,1-2\",\"margin\":\"remove-vertical\",\"column_gap\":\"collapse\",\"row_gap\":\"collapse\"},\"children\":[{\"type\":\"column\",\"props\":{\"image_position\":\"center-center\",\"media_overlay_gradient\":\"\",\"width_medium\":\"1-2\"},\"children\":[{\"type\":\"table\",\"props\":{\"show_title\":true,\"show_meta\":true,\"show_content\":true,\"show_image\":true,\"show_link\":true,\"table_order\":\"1\",\"table_responsive\":\"overflow\",\"table_width_title\":\"shrink\",\"table_width_meta\":\"shrink\",\"meta_style\":\"meta\",\"image_svg_color\":\"emphasis\",\"link_text\":\"Read more\",\"link_style\":\"default\",\"table_style\":\"\",\"table_size\":\"\",\"table_last_align\":\"\",\"table_width_content\":\"medium\",\"margin\":\"remove-vertical\",\"table_justify\":false,\"css\":\".el-content {font-size:21px}\",\"table_vertical_align\":false},\"children\":[{\"type\":\"table_item\",\"props\":{\"title\":\"5\",\"content\":\"\n\n<p>Ein etwaiger \\u00abKippfuss\\u00bb wird vor der eigentlichen Ausrichtung behoben.<\\\/p>\"}}]}]},{\"type\":\"column\",\"props\":{\"image_position\":\"center-center\",\"media_overlay_gradient\":\"\",\"width_medium\":\"1-2\"},\"children\":[{\"type\":\"table\",\"props\":{\"show_title\":true,\"show_meta\":true,\"show_content\":true,\"show_image\":true,\"show_link\":true,\"table_order\":\"1\",\"table_responsive\":\"overflow\",\"table_width_title\":\"shrink\",\"table_width_meta\":\"shrink\",\"meta_style\":\"meta\",\"image_svg_color\":\"emphasis\",\"link_text\":\"Read more\",\"link_style\":\"default\",\"table_style\":\"\",\"table_size\":\"\",\"table_last_align\":\"\",\"table_width_content\":\"medium\",\"margin\":\"remove-vertical\",\"table_justify\":false,\"css\":\".el-content {font-size:21px}\",\"table_vertical_align\":false},\"children\":[{\"type\":\"table_item\",\"props\":{\"title\":\"6\",\"content\":\"\n\n<p>Die Welle wird h\\u00e4ndisch gedreht, um die Fehlausrichtug sowie erforderliche Korrekturen zu bestimmen.<\\\/p>\"}}]}]}]},{\"type\":\"row\",\"props\":{\"layout\":\"1-2,1-2\",\"margin\":\"remove-vertical\",\"column_gap\":\"collapse\",\"row_gap\":\"collapse\"},\"children\":[{\"type\":\"column\",\"props\":{\"image_position\":\"center-center\",\"media_overlay_gradient\":\"\",\"width_medium\":\"1-2\"},\"children\":[{\"type\":\"table\",\"props\":{\"show_title\":true,\"show_meta\":true,\"show_content\":true,\"show_image\":true,\"show_link\":true,\"table_order\":\"1\",\"table_responsive\":\"overflow\",\"table_width_title\":\"shrink\",\"table_width_meta\":\"shrink\",\"meta_style\":\"meta\",\"image_svg_color\":\"emphasis\",\"link_text\":\"Read more\",\"link_style\":\"default\",\"table_style\":\"\",\"table_size\":\"\",\"table_last_align\":\"\",\"table_width_content\":\"medium\",\"margin\":\"remove-vertical\",\"table_justify\":false,\"css\":\".el-content {font-size:21px}\",\"table_vertical_align\":false},\"children\":[{\"type\":\"table_item\",\"props\":{\"title\":\"7\",\"content\":\"\n\n<p>Die festgestellte Fehlausrichtung wird durch pr\\u00e4zise Positionierung von Unterlegsscheiben korrigiert.<\\\/p>\"}}]}]},{\"type\":\"column\",\"props\":{\"image_position\":\"center-center\",\"media_overlay_gradient\":\"\",\"width_medium\":\"1-2\"},\"children\":[{\"type\":\"table\",\"props\":{\"show_title\":true,\"show_meta\":true,\"show_content\":true,\"show_image\":true,\"show_link\":true,\"table_order\":\"1\",\"table_responsive\":\"overflow\",\"table_width_title\":\"shrink\",\"table_width_meta\":\"shrink\",\"meta_style\":\"meta\",\"image_svg_color\":\"emphasis\",\"link_text\":\"Read more\",\"link_style\":\"default\",\"table_style\":\"\",\"table_size\":\"\",\"table_last_align\":\"\",\"table_width_content\":\"medium\",\"margin\":\"remove-vertical\",\"table_justify\":false,\"css\":\".el-content {font-size:21px}\",\"table_vertical_align\":false},\"children\":[{\"type\":\"table_item\",\"props\":{\"title\":\"8\",\"content\":\"\n\n<p>Nach dem Eingriff wird eine Kontrollmessung durchgef\\u00fchrt, um festzustellen ob eine nachhaltige Minderung der Vibrationen eingetreten ist.<\\\/p>\"}}]}]}]},{\"type\":\"row\",\"props\":{\"margin\":\"medium\",\"column_gap\":\"collapse\",\"row_gap\":\"collapse\"},\"children\":[{\"type\":\"column\",\"props\":{\"image_position\":\"center-center\",\"media_overlay_gradient\":\"\",\"width_medium\":\"1-1\"},\"children\":[]}]}],\"name\":\"lista su sfondo scuro\"},{\"type\":\"section\",\"props\":{\"style\":\"default\",\"width\":\"xlarge\",\"vertical_align\":\"middle\",\"title_position\":\"top-left\",\"title_rotation\":\"left\",\"title_breakpoint\":\"xl\",\"image_position\":\"center-center\",\"padding_remove_top\":false},\"children\":[{\"type\":\"row\",\"props\":{\"layout\":\"1-2,1-2\",\"height\":\"percent\",\"margin_remove_top\":false,\"column_gap\":\"medium\",\"row_gap\":\"small\"},\"children\":[{\"type\":\"column\",\"props\":{\"image_position\":\"bottom-center\",\"media_overlay_gradient\":\"\",\"style\":\"primary\",\"padding\":\"none\",\"image\":\"\",\"image_width\":\"230\",\"width_medium\":\"1-2\"},\"children\":[{\"type\":\"headline\",\"props\":{\"title_element\":\"h3\",\"title_style\":\"h3\",\"text_align\":\"center\",\"content\":\"<strong>Ein erster\\u00a0 Schritt in die pr\\u00e4dikative Instandhaltung:<br \\\/><\\\/strong>Einfache und effektive Tools zur Analyste von Schwingungen und Lagern<strong><br \\\/><\\\/strong>\",\"css\":\".el-element {padding-top:40px}\"}},{\"type\":\"button\",\"props\":{\"margin\":\"default\",\"text_align\":\"center\",\"text_align_breakpoint\":\"s\",\"text_align_fallback\":\"center\",\"css\":\".el-content {color:#3391FF}\",\"grid_column_gap\":\"\",\"grid_row_gap\":\"\"},\"children\":[{\"type\":\"button_item\",\"props\":{\"button_style\":\"link-text\",\"icon_align\":\"right\",\"content\":\"Erfahren Sie mehr\",\"icon\":\"chevron-right\",\"link\":\"de\\\/strumentazione-2\\\/strumentazione-spm\\\/\"}}]},{\"type\":\"image\",\"props\":{\"margin\":\"default\",\"image_svg_color\":\"emphasis\",\"text_align\":\"center\",\"image\":\"wp-content\\\/uploads\\\/2020\\\/03\\\/BC_front_huvudmeny_v02.png\",\"image_width\":\"230\"}}]},{\"type\":\"column\",\"props\":{\"image_position\":\"bottom-center\",\"media_overlay_gradient\":\"\",\"style\":\"primary\",\"padding\":\"none\",\"image\":\"\",\"image_width\":\"290\",\"width_medium\":\"1-2\"},\"children\":[{\"type\":\"headline\",\"props\":{\"title_element\":\"h3\",\"title_style\":\"h3\",\"text_align\":\"center\",\"content\":\"<strong>Der ultimative Schritt in die pr\\u00e4dikative Instandhaltung:<br \\\/><\\\/strong>Hightech-Tools f\\u00fcr Fortgeschrittene und Experten zur 360\\u00b0- Schwingungsanalyse<strong><br \\\/><\\\/strong>\",\"css\":\".el-element {padding-top:40px}\"}},{\"type\":\"button\",\"props\":{\"margin\":\"default\",\"text_align\":\"center\",\"text_align_breakpoint\":\"s\",\"text_align_fallback\":\"center\",\"css\":\".el-content {color:#3391FF}\",\"grid_column_gap\":\"\",\"grid_row_gap\":\"\"},\"children\":[{\"type\":\"button_item\",\"props\":{\"button_style\":\"link-text\",\"icon_align\":\"right\",\"content\":\"Erfahren Sie mehr\",\"icon\":\"chevron-right\",\"link\":\"de\\\/strumentazione-2\\\/strumentazione-spm\\\/\"}}]},{\"type\":\"image\",\"props\":{\"margin\":\"default\",\"image_svg_color\":\"emphasis\",\"text_align\":\"center\",\"image\":\"wp-content\\\/uploads\\\/2020\\\/03\\\/Cover-photo-no-strap_1-kopia_v03.png\",\"image_width\":\"290\"}}]}]}],\"name\":\"Vibrazioni shock pulse\"},{\"type\":\"section\",\"props\":{\"style\":\"secondary\",\"width\":\"small\",\"vertical_align\":\"middle\",\"title_position\":\"top-left\",\"title_rotation\":\"left\",\"title_breakpoint\":\"xl\",\"image_position\":\"center-center\",\"preserve_color\":true,\"padding_remove_top\":true,\"css\":\".uk-table td {padding: 16px 3px;}\",\"image\":\"\",\"image_size\":\"cover\"},\"children\":[{\"type\":\"row\",\"children\":[{\"type\":\"column\",\"props\":{\"image_position\":\"center-center\",\"media_overlay_gradient\":\"\",\"width_medium\":\"1-1\"},\"children\":[{\"type\":\"icon\",\"props\":{\"icon\":\"triangle-down\",\"margin\":\"remove-vertical\",\"text_align\":\"center\",\"css\":\".uk-icon {margin:-35px;color:white;}\",\"icon_width\":100}},{\"type\":\"headline\",\"props\":{\"title_element\":\"h3\",\"title_style\":\"h3\",\"maxwidth\":\"2xlarge\",\"block_align\":\"center\",\"text_align\":\"center\",\"content\":\"<strong>Fragen Sie uns nach unserem Service zur Pr\\u00e4zisions-Ausrichtung per Laser.<\\\/strong>\",\"css\":\".el-element {color:white;}\"}},{\"type\":\"button\",\"props\":{\"margin\":\"medium\",\"text_align\":\"center\",\"css\":\".uk-button {font-weight:bold;border-radius:30px;text-transform:none;box-shadow:none;}\",\"grid_column_gap\":\"small\",\"grid_row_gap\":\"small\"},\"children\":[{\"type\":\"button_item\",\"props\":{\"button_style\":\"secondary\",\"icon_align\":\"left\",\"content\":\"Kontakt\",\"link\":\"de\\\/contattaci\\\/\"}}],\"name\":\"Button Secondary\"}]}]}],\"name\":\"Pre footer contattaci\"}],\"version\":\"2.3.27\"} --><\/p>\n","protected":false},"excerpt":{"rendered":"<p>Pr\u00e4zisionsausrichtung von Wellen per Laser Nur wenn eine Maschine pr\u00e4zise ausgerichtet ist, kann die maximale Lebensdauer der Lager erwartet werden Die Pr\u00e4zisionsausrichtung von rotierenden Maschinen und Wellen ist der erste Schritt, um die maximale Haltbarkeit der Lager und Gelenke zu gew\u00e4hrleisten. Diese Praxis dient auch dazu, ein geringes Vibrationsniveau von Pumpen, L\u00fcftern oder Getrieben zu [&hellip;]<\/p>\n","protected":false},"author":6,"featured_media":0,"parent":38161,"menu_order":0,"comment_status":"closed","ping_status":"closed","template":"","meta":[],"_links":{"self":[{"href":"https:\/\/darkwavethermo.com\/de\/wp-json\/wp\/v2\/pages\/38366"}],"collection":[{"href":"https:\/\/darkwavethermo.com\/de\/wp-json\/wp\/v2\/pages"}],"about":[{"href":"https:\/\/darkwavethermo.com\/de\/wp-json\/wp\/v2\/types\/page"}],"author":[{"embeddable":true,"href":"https:\/\/darkwavethermo.com\/de\/wp-json\/wp\/v2\/users\/6"}],"replies":[{"embeddable":true,"href":"https:\/\/darkwavethermo.com\/de\/wp-json\/wp\/v2\/comments?post=38366"}],"version-history":[{"count":63,"href":"https:\/\/darkwavethermo.com\/de\/wp-json\/wp\/v2\/pages\/38366\/revisions"}],"predecessor-version":[{"id":45058,"href":"https:\/\/darkwavethermo.com\/de\/wp-json\/wp\/v2\/pages\/38366\/revisions\/45058"}],"up":[{"embeddable":true,"href":"https:\/\/darkwavethermo.com\/de\/wp-json\/wp\/v2\/pages\/38161"}],"wp:attachment":[{"href":"https:\/\/darkwavethermo.com\/de\/wp-json\/wp\/v2\/media?parent=38366"}],"curies":[{"name":"wp","href":"https:\/\/api.w.org\/{rel}","templated":true}]}}