{"id":38479,"date":"2019-08-06T14:06:02","date_gmt":"2019-08-06T12:06:02","guid":{"rendered":"https:\/\/darkwavethermo.com\/multi-tecnica-industria\/partial-discharge\/"},"modified":"2025-07-29T11:56:11","modified_gmt":"2025-07-29T09:56:11","slug":"partial-discharge","status":"publish","type":"page","link":"https:\/\/darkwavethermo.com\/de\/multi-tecnica-industria\/partial-discharge\/","title":{"rendered":"Teilentladung"},"content":{"rendered":"<h1>\n<p>Die Teilentladungsmessung ist die ideale L\u00f6sung f\u00fcr die \u00dcberpr\u00fcfung von im Betrieb befindlichen Hochspanungsanlagen und Mittelspannungsschaltafeln<\/p>\n<\/h1>\n<h3>Es gibt eine Reihe von Messtechniken, mit denen sich Sch\u00e4den an den Dielektrika und Anschl\u00fcssen von HV-Umspannwerken und MV-Schalftafeln feststellen lassen.<\/h3>\n<div>\n<p>Teilentladungen sind elektrische Entladungen, die die Isolatoren zwischen elektrischen Leitern nicht vollst\u00e4ndig durchdringen. Sie treten nur im Mittel- und Hochspannungbereich auf.<\/p>\n<p>Die Gr\u00f6sse dieser Entladungen ist normalerweise gering, jedoch k\u00f6nnen die Teilentladungen allm\u00e4hlich die Isolierung irreparabel besch\u00e4digen. So weit, bis sich zerst\u00f6rerische Lichtb\u00f6gen bilden.<\/p>\n<p>Die zerst\u00f6rungsfreie Diagnose von Teilentladungen kann diese Quellen potenzieller Sch\u00e4den fr\u00fchzeitig identifizieren, sofern sie regelm\u00e4ssig durchgef\u00fchrt wird.<\/p>\n<p>Werden Teilentladungen nicht festgestellt, k\u00f6nnen sie zu grossen Sch\u00e4den an den Anlagen, Produktionsausf\u00e4llen und somit hohen Kosten f\u00fchren. Ganz zu schweigen von der Gef\u00e4hrdung des Personals.<\/p>\n<p>Paradoxerweise ist die Erkennung von Teilentladungen oft viel einfacher als vorher angenommen.<\/p>\n<\/div>\n<p><img src=\"\/wp-content\/uploads\/2019\/11\/dwt-partial-discharge.jpg\" alt=\"\"><\/p>\n<h3>Die Suche nach Teilentladungen erfordert bei den meisten Anlagen weder einen Produktionsstopp noch hohe Investitionskosten.<br \/>Sie brauchen lediglich das richtige Messger\u00e4t mit leistungstarken Algorithmen und \u00abh\u00f6ren zu\u00bb.<\/h3>\n<p><img src=\"\/wp-content\/uploads\/2019\/10\/darkwavethermo-occhio.png\" alt=\"\"><\/p>\n<h3><strong>Die Sensoren stellen drei Arten von Anzeichen fest:<\/strong><\/h3>\n<h3>\n<p><strong>TEV-Sensor\u00a0 &#8211; Transient Earth Voltage<\/strong><\/p>\n<\/h3>\n<div>\n<p>Durch das Auftreten von Teilentladungen in einem Schalter werden elektromagnetische Wellen erzeugt, die nur durch vorhandene \u00d6ffnungen entweichen k\u00f6nnen.<\/p>\n<p>Beim Durchgang durch diese Materialien erzeugen diese Wellen eine Durchgangsspannung zur Erde, die von aussen mittels einer Kontaktsonde messbar sind.<\/p>\n<\/div>\n<p><img src=\"\/wp-content\/uploads\/2019\/11\/Image-204.png\" alt=\"\"><\/p>\n<div>TEV-Diagramm mit Dateninterpretation<\/div>\n<h3>\n<p><strong>Ber\u00fchrungsloser Ultraschallsensor<\/strong><\/p>\n<\/h3>\n<div>\n<p>Teilentladungen senden auch Schallwellen aus, insbesondere Ultraschall, da sie Turbulenzen in der umgebenden Luft erzeugen.<\/p>\n<p>Das Messger\u00e4t hat eine maximale Empfindlichkeit von 40 kHz. So kann selbst Ultraschall aufgenommen werden, der aus den kleinsten \u00d6ffnungen im Geh\u00e4use der untersuchten Komponenten oder um die Anschl\u00fcsse austritt.\u00a0\u00a0<\/p>\n<\/div>\n<p><img src=\"\/wp-content\/uploads\/2019\/11\/Image-205.png\" alt=\"\"><\/p>\n<div>Teilentladungs-Ultraschall- Diagramm<\/div>\n<h3><strong>RFCT &#8211; Radio Frequency Current Transformer<\/strong><\/h3>\n<div>\n<p>Wenn in einem Mittelspannungskabel eine Teilentladung auftritt, werden Stromimpulse erzeugt. Diese breiten sich vom Entladungspunkt durch die Erdungskabel aus.<\/p>\n<p>Der RFCT-Messring wird nach M\u00f6glichkeit an dem Erdungskabel angebracht, welches mit dem MV-Kabelstrang verbunden ist.\u00a0 So kann er das etwaige Vorhandensein von Entladungen in den Kabeln erkennen.<\/p>\n<\/div>\n<p><img src=\"\/wp-content\/uploads\/2020\/04\/IMG_5107-43retf.png\" alt=\"\"><\/p>\n<div>\n<p>RFCT-Ring f\u00fcr die MV-Kabelkontrolle<\/p>\n<\/div>\n<h3><strong>Erfahren Sie, wie Sie HV-Umspannwerke und MV-Schalttafeln mit Partial Discharge-Analysesystemen kontrollieren k\u00f6nnen.<\/strong><\/h3>\n<p>\n    <a href=\"\/de\/contattaci\/\">Kontaktieren Sie uns<\/a>\n<\/p>\n<p><!-- {\"name\":\"Motor Testing\",\"type\":\"layout\",\"children\":[{\"type\":\"section\",\"props\":{\"style\":\"default\",\"width\":\"default\",\"vertical_align\":\"\",\"title_position\":\"top-left\",\"title_rotation\":\"left\",\"title_breakpoint\":\"xl\",\"image_position\":\"center-right\",\"padding_remove_bottom\":true,\"image\":\"\",\"image_visibility\":\"m\",\"image_width\":\"750\",\"class\":\"\"},\"children\":[{\"type\":\"row\",\"props\":{\"layout\":\"1-2,1-2\",\"column_gap\":\"small\",\"row_gap\":\"large\"},\"children\":[{\"type\":\"column\",\"props\":{\"image_position\":\"center-center\",\"media_overlay_gradient\":\"\",\"width_medium\":\"1-2\"},\"children\":[{\"type\":\"headline\",\"props\":{\"title_element\":\"h1\",\"title_style\":\"h1\",\"maxwidth\":\"2xlarge\",\"content\":\"\n\n<p>Die Teilentladungsmessung ist die ideale L\\u00f6sung f\\u00fcr die \\u00dcberpr\\u00fcfung von im Betrieb befindlichen Hochspanungsanlagen und Mittelspannungsschaltafeln<\\\/p>\"}},{\"type\":\"headline\",\"props\":{\"title_element\":\"h3\",\"title_style\":\"h3\",\"maxwidth\":\"xlarge\",\"content\":\"Es gibt eine Reihe von Messtechniken, mit denen sich Sch\\u00e4den an den Dielektrika und Anschl\\u00fcssen von HV-Umspannwerken und MV-Schalftafeln feststellen lassen.\"}},{\"type\":\"text\",\"props\":{\"margin\":\"default\",\"column_breakpoint\":\"m\",\"maxwidth\":\"xlarge\",\"content\":\"\n\n<p>Teilentladungen sind elektrische Entladungen, die die Isolatoren zwischen elektrischen Leitern nicht vollst\\u00e4ndig durchdringen. Sie treten nur im Mittel- und Hochspannungbereich auf.<\\\/p>\\n\n\n<p>Die Gr\\u00f6sse dieser Entladungen ist normalerweise gering, jedoch k\\u00f6nnen die Teilentladungen allm\\u00e4hlich die Isolierung irreparabel besch\\u00e4digen. So weit, bis sich zerst\\u00f6rerische Lichtb\\u00f6gen bilden.<\\\/p>\\n\n\n<p>Die zerst\\u00f6rungsfreie Diagnose von Teilentladungen kann diese Quellen potenzieller Sch\\u00e4den fr\\u00fchzeitig identifizieren, sofern sie regelm\\u00e4ssig durchgef\\u00fchrt wird.<\\\/p>\\n\n\n<p>Werden Teilentladungen nicht festgestellt, k\\u00f6nnen sie zu grossen Sch\\u00e4den an den Anlagen, Produktionsausf\\u00e4llen und somit hohen Kosten f\\u00fchren. Ganz zu schweigen von der Gef\\u00e4hrdung des Personals.<\\\/p>\\n\n\n<p>Paradoxerweise ist die Erkennung von Teilentladungen oft viel einfacher als vorher angenommen.<\\\/p>\"}}]},{\"type\":\"column\",\"props\":{\"image_position\":\"center-right\",\"media_overlay_gradient\":\"\",\"padding\":\"none\",\"image\":\"\",\"image_parallax_bgx_end\":\"0\",\"image_parallax_bgx_start\":\"390\",\"width_medium\":\"1-2\"},\"children\":[{\"type\":\"image\",\"props\":{\"margin\":\"default\",\"image_svg_color\":\"emphasis\",\"image\":\"wp-content\\\/uploads\\\/2019\\\/11\\\/dwt-partial-discharge.jpg\"}}]}]}]},{\"type\":\"section\",\"props\":{\"style\":\"default\",\"width\":\"default\",\"vertical_align\":\"middle\",\"title_position\":\"top-left\",\"title_rotation\":\"left\",\"title_breakpoint\":\"xl\",\"image_position\":\"center-center\",\"padding_remove_top\":false,\"padding_remove_bottom\":true},\"children\":[{\"type\":\"row\",\"props\":{\"margin_remove_bottom\":true},\"children\":[{\"type\":\"column\",\"props\":{\"image_position\":\"center-center\",\"media_overlay_gradient\":\"\",\"width_medium\":\"1-1\"},\"children\":[{\"type\":\"headline\",\"props\":{\"title_element\":\"h3\",\"title_style\":\"h3\",\"margin\":\"default\",\"text_align\":\"center\",\"content\":\"Die Suche nach Teilentladungen erfordert bei den meisten Anlagen weder einen Produktionsstopp noch hohe Investitionskosten.<br \\\/>Sie brauchen lediglich das richtige Messger\\u00e4t mit leistungstarken Algorithmen und \\u00abh\\u00f6ren zu\\u00bb.\"}},{\"type\":\"image\",\"props\":{\"margin\":\"default\",\"image_svg_color\":\"emphasis\",\"text_align\":\"center\",\"image\":\"wp-content\\\/uploads\\\/2019\\\/10\\\/darkwavethermo-occhio.png\",\"margin_remove_bottom\":true}},{\"type\":\"headline\",\"props\":{\"title_element\":\"h3\",\"title_style\":\"h3\",\"margin\":\"default\",\"text_align\":\"center\",\"content\":\"<strong>Die Sensoren stellen drei Arten von Anzeichen fest:<\\\/strong>\"}}]}]},{\"type\":\"row\",\"props\":{\"layout\":\"1-3,1-3,1-3\",\"margin\":\"large\",\"margin_remove_top\":false,\"column_gap\":\"large\",\"row_gap\":\"large\"},\"children\":[{\"type\":\"column\",\"props\":{\"image_position\":\"center-center\",\"media_overlay_gradient\":\"\",\"width_medium\":\"1-3\"},\"children\":[{\"type\":\"icon\",\"props\":{\"icon\":\"bolt\",\"margin\":\"default\",\"icon_color\":\"muted\",\"text_align\":\"center\",\"icon_width\":60}},{\"type\":\"headline\",\"props\":{\"title_element\":\"h3\",\"title_style\":\"h3\",\"margin\":\"small\",\"text_align\":\"center\",\"content\":\"\n\n<p><strong>TEV-Sensor\\u00a0 - Transient Earth Voltage<\\\/strong><\\\/p>\",\"margin_remove_top\":false}},{\"type\":\"text\",\"props\":{\"margin\":\"medium\",\"column_breakpoint\":\"m\",\"text_align\":\"left\",\"content\":\"\n\n<p>Durch das Auftreten von Teilentladungen in einem Schalter werden elektromagnetische Wellen erzeugt, die nur durch vorhandene \\u00d6ffnungen entweichen k\\u00f6nnen.<\\\/p>\\n\n\n<p>Beim Durchgang durch diese Materialien erzeugen diese Wellen eine Durchgangsspannung zur Erde, die von aussen mittels einer Kontaktsonde messbar sind.<\\\/p>\"}},{\"type\":\"image\",\"props\":{\"margin\":\"default\",\"image_svg_color\":\"emphasis\",\"image\":\"wp-content\\\/uploads\\\/2019\\\/11\\\/Image-204.png\"}},{\"type\":\"text\",\"props\":{\"margin\":\"default\",\"column_breakpoint\":\"m\",\"text_align\":\"center\",\"content\":\"TEV-Diagramm mit Dateninterpretation\"}}]},{\"type\":\"column\",\"props\":{\"image_position\":\"center-center\",\"media_overlay_gradient\":\"\",\"width_medium\":\"1-3\"},\"children\":[{\"type\":\"icon\",\"props\":{\"icon\":\"cog\",\"margin\":\"default\",\"icon_color\":\"muted\",\"text_align\":\"center\",\"icon_width\":60}},{\"type\":\"headline\",\"props\":{\"title_element\":\"h3\",\"title_style\":\"h3\",\"margin\":\"small\",\"text_align\":\"center\",\"content\":\"\n\n<p><strong>Ber\\u00fchrungsloser Ultraschallsensor<\\\/strong><\\\/p>\",\"margin_remove_top\":false}},{\"type\":\"text\",\"props\":{\"margin\":\"medium\",\"column_breakpoint\":\"m\",\"text_align\":\"left\",\"content\":\"\n\n<p>Teilentladungen senden auch Schallwellen aus, insbesondere Ultraschall, da sie Turbulenzen in der umgebenden Luft erzeugen.<\\\/p>\\n\n\n<p>Das Messger\\u00e4t hat eine maximale Empfindlichkeit von 40 kHz. So kann selbst Ultraschall aufgenommen werden, der aus den kleinsten \\u00d6ffnungen im Geh\\u00e4use der untersuchten Komponenten oder um die Anschl\\u00fcsse austritt.\\u00a0\\u00a0<\\\/p>\"}},{\"type\":\"image\",\"props\":{\"margin\":\"default\",\"image_svg_color\":\"emphasis\",\"image\":\"wp-content\\\/uploads\\\/2019\\\/11\\\/Image-205.png\"}},{\"type\":\"text\",\"props\":{\"margin\":\"default\",\"column_breakpoint\":\"m\",\"text_align\":\"center\",\"content\":\"Teilentladungs-Ultraschall- Diagramm\"}}]},{\"type\":\"column\",\"props\":{\"image_position\":\"center-center\",\"media_overlay_gradient\":\"\",\"width_medium\":\"1-3\"},\"children\":[{\"type\":\"icon\",\"props\":{\"icon\":\"location\",\"margin\":\"default\",\"icon_color\":\"muted\",\"text_align\":\"center\",\"icon_width\":60}},{\"type\":\"headline\",\"props\":{\"title_element\":\"h3\",\"title_style\":\"h3\",\"margin\":\"small\",\"text_align\":\"center\",\"content\":\"<strong>RFCT - Radio Frequency Current Transformer<\\\/strong>\",\"margin_remove_top\":false}},{\"type\":\"text\",\"props\":{\"margin\":\"medium\",\"column_breakpoint\":\"m\",\"text_align\":\"center\",\"content\":\"\n\n<p>Wenn in einem Mittelspannungskabel eine Teilentladung auftritt, werden Stromimpulse erzeugt. Diese breiten sich vom Entladungspunkt durch die Erdungskabel aus.<\\\/p>\\n\n\n<p>Der RFCT-Messring wird nach M\\u00f6glichkeit an dem Erdungskabel angebracht, welches mit dem MV-Kabelstrang verbunden ist.\\u00a0 So kann er das etwaige Vorhandensein von Entladungen in den Kabeln erkennen.<\\\/p>\"}},{\"type\":\"image\",\"props\":{\"margin\":\"default\",\"image_svg_color\":\"emphasis\",\"image\":\"wp-content\\\/uploads\\\/2020\\\/04\\\/IMG_5107-43retf.png\"}},{\"type\":\"text\",\"props\":{\"margin\":\"default\",\"column_breakpoint\":\"m\",\"text_align\":\"center\",\"content\":\"\n\n<p>RFCT-Ring f\\u00fcr die MV-Kabelkontrolle<\\\/p>\"}}]}]}]},{\"type\":\"section\",\"props\":{\"style\":\"secondary\",\"width\":\"small\",\"vertical_align\":\"middle\",\"title_position\":\"top-left\",\"title_rotation\":\"left\",\"title_breakpoint\":\"xl\",\"image_position\":\"center-center\",\"preserve_color\":true,\"padding_remove_top\":true,\"css\":\".uk-table td {padding: 16px 3px;}\",\"image\":\"\",\"image_size\":\"cover\"},\"children\":[{\"type\":\"row\",\"children\":[{\"type\":\"column\",\"props\":{\"image_position\":\"center-center\",\"media_overlay_gradient\":\"\",\"width_medium\":\"1-1\"},\"children\":[{\"type\":\"icon\",\"props\":{\"icon\":\"triangle-down\",\"margin\":\"remove-vertical\",\"text_align\":\"center\",\"css\":\".uk-icon {margin:-35px;color:white;}\",\"icon_width\":100}},{\"type\":\"headline\",\"props\":{\"title_element\":\"h3\",\"title_style\":\"h3\",\"maxwidth\":\"2xlarge\",\"block_align\":\"center\",\"text_align\":\"center\",\"content\":\"<strong>Erfahren Sie, wie Sie HV-Umspannwerke und MV-Schalttafeln mit Partial Discharge-Analysesystemen kontrollieren k\\u00f6nnen.<\\\/strong>\",\"css\":\".el-element {color:white;}\"}},{\"type\":\"button\",\"props\":{\"margin\":\"medium\",\"text_align\":\"center\",\"css\":\".uk-button {font-weight:bold;border-radius:30px;text-transform:none;box-shadow:none;}\",\"grid_column_gap\":\"small\",\"grid_row_gap\":\"small\"},\"children\":[{\"type\":\"button_item\",\"props\":{\"button_style\":\"secondary\",\"icon_align\":\"left\",\"content\":\"Kontaktieren Sie uns\",\"link\":\"de\\\/contattaci\\\/\"}}],\"name\":\"Button Secondary\"}]}]}],\"name\":\"Pre footer contattaci\"}],\"version\":\"2.3.27\"} --><\/p>\n","protected":false},"excerpt":{"rendered":"<p>Die Teilentladungsmessung ist die ideale L\u00f6sung f\u00fcr die \u00dcberpr\u00fcfung von im Betrieb befindlichen Hochspanungsanlagen und Mittelspannungsschaltafeln Es gibt eine Reihe von Messtechniken, mit denen sich Sch\u00e4den an den Dielektrika und Anschl\u00fcssen von HV-Umspannwerken und MV-Schalftafeln feststellen lassen. Teilentladungen sind elektrische Entladungen, die die Isolatoren zwischen elektrischen Leitern nicht vollst\u00e4ndig durchdringen. Sie treten nur im Mittel- [&hellip;]<\/p>\n","protected":false},"author":1,"featured_media":0,"parent":38161,"menu_order":0,"comment_status":"closed","ping_status":"closed","template":"","meta":[],"_links":{"self":[{"href":"https:\/\/darkwavethermo.com\/de\/wp-json\/wp\/v2\/pages\/38479"}],"collection":[{"href":"https:\/\/darkwavethermo.com\/de\/wp-json\/wp\/v2\/pages"}],"about":[{"href":"https:\/\/darkwavethermo.com\/de\/wp-json\/wp\/v2\/types\/page"}],"author":[{"embeddable":true,"href":"https:\/\/darkwavethermo.com\/de\/wp-json\/wp\/v2\/users\/1"}],"replies":[{"embeddable":true,"href":"https:\/\/darkwavethermo.com\/de\/wp-json\/wp\/v2\/comments?post=38479"}],"version-history":[{"count":28,"href":"https:\/\/darkwavethermo.com\/de\/wp-json\/wp\/v2\/pages\/38479\/revisions"}],"predecessor-version":[{"id":45122,"href":"https:\/\/darkwavethermo.com\/de\/wp-json\/wp\/v2\/pages\/38479\/revisions\/45122"}],"up":[{"embeddable":true,"href":"https:\/\/darkwavethermo.com\/de\/wp-json\/wp\/v2\/pages\/38161"}],"wp:attachment":[{"href":"https:\/\/darkwavethermo.com\/de\/wp-json\/wp\/v2\/media?parent=38479"}],"curies":[{"name":"wp","href":"https:\/\/api.w.org\/{rel}","templated":true}]}}