{"id":38497,"date":"2019-08-06T14:06:34","date_gmt":"2019-08-06T12:06:34","guid":{"rendered":"https:\/\/darkwavethermo.com\/multi-tecnica-industria\/corsi-certificati-di-termografia\/"},"modified":"2025-07-29T21:48:04","modified_gmt":"2025-07-29T19:48:04","slug":"corsi-certificati-di-termografia","status":"publish","type":"page","link":"https:\/\/darkwavethermo.com\/de\/multi-tecnica-industria\/corsi-certificati-di-termografia\/","title":{"rendered":"Zertifizierte Thermografie-Kurse"},"content":{"rendered":"<h1>\n<p>Zeit und Geld in einen nach ISO 9712 und ISO 18436 zertifizierten Thermografie-Kurs zu investieren bedeutet, den st\u00e4ndig wachsenden Anforderungen in der Industrie gerecht zu werden.<\/p>\n<\/h1>\n<h3>\n<p>Wir sind stolzer Partner von ITC \u2013 Infrared Training Center, der f\u00fchrenden Schule f\u00fcr Infrarot-Thermografie weltweit.<\/p>\n<\/h3>\n<div>\n<p>M\u00f6chten Sie zertifizierter Thermografie-Anwender mit einer weltweit anerkannten Zertifizierung und fundiertem Fachwissen werden?<\/p>\n<p>Nur ein internationaler Partner wie ITC kann alle ihre Anforderungen erf\u00fcllen. Das ITC bietet seit jeher zertifizierte Infrarot-Thermografie Kurse auf h\u00f6chstem Niveau an, denn es besteht sei dem Aufkommen der W\u00e4rmebildtechnik.<\/p>\n<p>Egal wo die ITC-Kurse weltweit stattfinden, sie haben immer die gleiche Qualit\u00e4t und Methodik. Das Ausbilderteam mit grosser praktischer Erfahrung, bietet eine breite Palette an Kursen in der Thermografiediagnose an. In diesem Bereich ist ITC seit jeher f\u00fchrend.<\/p>\n<p>ITC vertraut bei der Durchf\u00fchrung seiner Kurse und Seminare auf Partner von bew\u00e4hrter Qualit\u00e4t. An vielen Orten weltweit wird derselbe ITC-Kurs gelehrt, entweder in der Landessprache wo der Kurs stattfindet oder auf Englisch.<\/p>\n<p>DarkWave Thermo arbeitet engt mit ITC zusammen und bietet umfassende Unterst\u00fctzung f\u00fcr zertifizierte Kurse in Italien, Europa, dem Nahen Osten und Afrika.<\/p>\n<p>Die Ausbildung erfolgt mit qualifizierten Ausbildnern mit jahrzehntelanger,\u00a0 internationaler Erfahrung in verschiedenen Anwendungsbereichen.<\/p>\n<p>Wenn Sie ein hervorragender Thermografie-Anwender werden m\u00f6chten, sind ITC-Thermografiekurse die einzig m\u00f6gliche Antwort.<\/p>\n<\/div>\n<p><img src=\"\/wp-content\/uploads\/2019\/11\/corsi-certificati-termografia-darkwavethermo.png\" alt=\"\"><br \/>\n<img src=\"\/wp-content\/uploads\/2020\/03\/itc-basic-logo_new.jpg\" alt=\"\"><\/p>\n<h3>\n<p><strong>Wir unterrichten Thermografie richtig: Mit jeder Art von W\u00e4rmebildkamera und f\u00fcr jede Anwendung<\/strong><\/p>\n<\/h3>\n<div>\n<p><strong>Die ITC-Kurse \u2013 Infrared Training Center \u2013 decken jeden Bedarf ab.<\/strong><\/p>\n<p>Es werden Kurse zur Einf\u00fchrung in die Thermografie, sowie zertifizierte Kurse der Stufen 1 und 2 gem\u00e4ss den Normen ISO 9712\/ISO 18436 angeboten. Anschliessend gibt es noch Kurse f\u00fcr Fortgeschrittene und Experten auf diesem Gebiet, wie z.B. den Kurs \u00abIndustrielle Diagnostik\u00bb oder den Kurs \u00abBauwesen f\u00fcr Fortgeschrittene\u00bb.\u00a0 Allesamt mit dutzenden realen Fallanalysen und zahlreichen praktischen \u00dcbungen.<\/p>\n<\/div>\n<p><img src=\"\/wp-content\/uploads\/2019\/11\/corsi-certificati-termografia-darkwavethermo-03.png\" alt=\"\"><\/p>\n<div>\n<p>Dar Es Salaam, Tansania &#8211; Dezember 2011<\/p>\n<\/div>\n<p><img src=\"\/wp-content\/uploads\/2019\/11\/corsi-certificati-termografia-darkwavethermo-01.png\" alt=\"\"><\/p>\n<div>\n<p>Maskat, Oman &#8211; Februar 2012<\/p>\n<\/div>\n<p><img src=\"\/wp-content\/uploads\/2020\/03\/PJA_5839-scaled.jpg\" alt=\"\"><\/p>\n<div>\n<p>Dammam, KSA &#8211; Mai 2013<\/p>\n<\/div>\n<p><img src=\"\/wp-content\/uploads\/2020\/03\/IMG_1453-scaled.jpg\" alt=\"\"><\/p>\n<div>\n<p>Dammam, KSA &#8211; Mai 2017<\/p>\n<\/div>\n<p><img src=\"\/wp-content\/uploads\/2019\/11\/corsi-certificati-termografia-darkwavethermo-02.png\" alt=\"\"><\/p>\n<div>\n<p>Dubai, Vereinigte Arabische Emirate &#8211; Mai 2016<\/p>\n<\/div>\n<p><img src=\"\/wp-content\/uploads\/2020\/03\/IMG_7675-scaled.jpeg\" alt=\"\"><\/p>\n<div>\n<p>Doha, Qatar &#8211; April 2018<\/p>\n<\/div>\n<p><img src=\"\/wp-content\/uploads\/2020\/03\/IMG_0397-scaled.jpeg\" alt=\"\"><\/p>\n<div>\n<div>\n<p>Luca del Nero ist technischer Leiter von DarkWave Thermo und Gr\u00fcndungsmitglied der italienischen Vereinigung f\u00fcr Infrarot-Thermografie. Er ist Thermografie-Anwender der Stufe III mit ITC, Stufe III ISO 9712 mit IIS und Level II ISO 18436 PCD mit dem renommierten englischen BINDT-Institut. Er arbeitet seit Jahren als internationaler Thermografie-Ausbilder f\u00fcr das ITC \u2013 Infrared Training Center.<\/p>\n<p>In den letzten 9 Jahren hat er weltweit \u00fcber 4000 Stunden zertifizierte Schulungen gegeben.<\/p>\n<p>Er hat Kurse f\u00fcr Thermografie-Anwender, Vor-Ort-Kurse f\u00fcr industrielle Anwendungen, Kurse f\u00fcr den Photovoltaik-Bereich und fortgeschrittene Kurse f\u00fcr das Bauwesen gegeben.<\/p>\n<p>Als Sch\u00fcler und Freund von Roberto Rinaldi, EMEA-Manager von ITC und einer der f\u00fchrenden europ\u00e4ischen Thermografie-Experten, ist er Autor des umfassendsten Kurses f\u00fcr fortgeschrittene thermografische Diagnose im Bauwesen.<\/p>\n<\/div>\n<\/div>\n<h3>\n<p><strong>Ein Kurs von ITC-Infrared Training Center \u2013 ist einzigartig und unnachahmlich.<\/strong><\/p>\n<p><strong>F\u00fcr Thermografie-Anwender auf der Suche nach einer\u00a0 Spitzenausbildung.<\/strong><\/p>\n<\/h3>\n<p>\n    <a href=\"\/de\/contattaci\/\">Kontakt<\/a>\n<\/p>\n<p><!-- {\"children\":[{\"type\":\"section\",\"props\":{\"style\":\"default\",\"width\":\"default\",\"vertical_align\":\"\",\"title_position\":\"top-left\",\"title_rotation\":\"left\",\"title_breakpoint\":\"xl\",\"image_position\":\"center-right\",\"padding_remove_bottom\":true,\"image\":\"\",\"image_visibility\":\"m\",\"image_width\":\"750\",\"class\":\"\"},\"children\":[{\"type\":\"row\",\"props\":{\"layout\":\"1-2,1-2\",\"column_gap\":\"small\",\"row_gap\":\"large\"},\"children\":[{\"type\":\"column\",\"props\":{\"image_position\":\"center-center\",\"media_overlay_gradient\":\"\",\"width_medium\":\"1-2\"},\"children\":[{\"type\":\"headline\",\"props\":{\"title_element\":\"h1\",\"title_style\":\"h1\",\"maxwidth\":\"2xlarge\",\"content\":\"\n\n<p>Zeit und Geld in einen nach ISO 9712 und ISO 18436 zertifizierten Thermografie-Kurs zu investieren bedeutet, den st\\u00e4ndig wachsenden Anforderungen in der Industrie gerecht zu werden.<\\\/p>\"}},{\"type\":\"headline\",\"props\":{\"title_element\":\"h3\",\"title_style\":\"h3\",\"maxwidth\":\"xlarge\",\"content\":\"\n\n<p>Wir sind stolzer Partner von ITC \\u2013 Infrared Training Center, der f\\u00fchrenden Schule f\\u00fcr Infrarot-Thermografie weltweit.<\\\/p>\"}},{\"type\":\"text\",\"props\":{\"margin\":\"default\",\"column_breakpoint\":\"m\",\"maxwidth\":\"xlarge\",\"content\":\"\n\n<p>M\\u00f6chten Sie zertifizierter Thermografie-Anwender mit einer weltweit anerkannten Zertifizierung und fundiertem Fachwissen werden?<\\\/p>\\n\n\n<p>Nur ein internationaler Partner wie ITC kann alle ihre Anforderungen erf\\u00fcllen. Das ITC bietet seit jeher zertifizierte Infrarot-Thermografie Kurse auf h\\u00f6chstem Niveau an, denn es besteht sei dem Aufkommen der W\\u00e4rmebildtechnik.<\\\/p>\\n\n\n<p>Egal wo die ITC-Kurse weltweit stattfinden, sie haben immer die gleiche Qualit\\u00e4t und Methodik. Das Ausbilderteam mit grosser praktischer Erfahrung, bietet eine breite Palette an Kursen in der Thermografiediagnose an. In diesem Bereich ist ITC seit jeher f\\u00fchrend.<\\\/p>\\n\n\n<p>ITC vertraut bei der Durchf\\u00fchrung seiner Kurse und Seminare auf Partner von bew\\u00e4hrter Qualit\\u00e4t. An vielen Orten weltweit wird derselbe ITC-Kurs gelehrt, entweder in der Landessprache wo der Kurs stattfindet oder auf Englisch.<\\\/p>\\n\n\n<p>DarkWave Thermo arbeitet engt mit ITC zusammen und bietet umfassende Unterst\\u00fctzung f\\u00fcr zertifizierte Kurse in Italien, Europa, dem Nahen Osten und Afrika.<\\\/p>\\n\n\n<p>Die Ausbildung erfolgt mit qualifizierten Ausbildnern mit jahrzehntelanger,\\u00a0 internationaler Erfahrung in verschiedenen Anwendungsbereichen.<\\\/p>\\n\n\n<p>Wenn Sie ein hervorragender Thermografie-Anwender werden m\\u00f6chten, sind ITC-Thermografiekurse die einzig m\\u00f6gliche Antwort.<\\\/p>\"}}]},{\"type\":\"column\",\"props\":{\"image_position\":\"center-right\",\"media_overlay_gradient\":\"\",\"padding\":\"none\",\"image\":\"\",\"image_parallax_bgx_end\":\"0\",\"image_parallax_bgx_start\":\"390\",\"width_medium\":\"1-2\"},\"children\":[{\"type\":\"image\",\"props\":{\"margin\":\"default\",\"image_svg_color\":\"emphasis\",\"image\":\"wp-content\\\/uploads\\\/2019\\\/11\\\/corsi-certificati-termografia-darkwavethermo.png\"}}]}]}]},{\"type\":\"section\",\"props\":{\"style\":\"default\",\"width\":\"default\",\"vertical_align\":\"middle\",\"title_position\":\"top-left\",\"title_rotation\":\"left\",\"title_breakpoint\":\"xl\",\"image_position\":\"center-center\",\"padding_remove_top\":false,\"padding_remove_bottom\":true},\"children\":[{\"type\":\"row\",\"props\":{\"margin_remove_bottom\":true},\"children\":[{\"type\":\"column\",\"props\":{\"image_position\":\"center-center\",\"media_overlay_gradient\":\"\",\"width_medium\":\"1-1\"},\"children\":[{\"type\":\"image\",\"props\":{\"margin\":\"default\",\"image_svg_color\":\"emphasis\",\"maxwidth\":\"small\",\"block_align\":\"center\",\"text_align\":\"center\",\"image\":\"wp-content\\\/uploads\\\/2020\\\/03\\\/itc-basic-logo_new.jpg\",\"margin_remove_bottom\":true}},{\"type\":\"headline\",\"props\":{\"title_element\":\"h3\",\"title_style\":\"h3\",\"margin\":\"default\",\"text_align\":\"center\",\"content\":\"\n\n<p><strong>Wir unterrichten Thermografie richtig: Mit jeder Art von W\\u00e4rmebildkamera und f\\u00fcr jede Anwendung<\\\/strong><\\\/p>\"}},{\"type\":\"text\",\"props\":{\"margin\":\"medium\",\"column_breakpoint\":\"m\",\"maxwidth\":\"2xlarge\",\"block_align\":\"center\",\"text_align\":\"center\",\"content\":\"\n\n<p><strong>Die ITC-Kurse \\u2013 Infrared Training Center \\u2013 decken jeden Bedarf ab.<\\\/strong><\\\/p>\\n\n\n<p>Es werden Kurse zur Einf\\u00fchrung in die Thermografie, sowie zertifizierte Kurse der Stufen 1 und 2 gem\\u00e4ss den Normen ISO 9712\\\/ISO 18436 angeboten. Anschliessend gibt es noch Kurse f\\u00fcr Fortgeschrittene und Experten auf diesem Gebiet, wie z.B. den Kurs \\u00abIndustrielle Diagnostik\\u00bb oder den Kurs \\u00abBauwesen f\\u00fcr Fortgeschrittene\\u00bb.\\u00a0 Allesamt mit dutzenden realen Fallanalysen und zahlreichen praktischen \\u00dcbungen.<\\\/p>\"}}]}]},{\"type\":\"row\",\"props\":{\"layout\":\"1-3,1-3,1-3\",\"margin\":\"large\",\"margin_remove_top\":false,\"column_gap\":\"large\",\"row_gap\":\"large\"},\"children\":[{\"type\":\"column\",\"props\":{\"image_position\":\"center-center\",\"media_overlay_gradient\":\"\",\"width_medium\":\"1-3\"},\"children\":[{\"type\":\"image\",\"props\":{\"margin\":\"default\",\"image_svg_color\":\"emphasis\",\"text_align\":\"center\",\"image\":\"wp-content\\\/uploads\\\/2019\\\/11\\\/corsi-certificati-termografia-darkwavethermo-03.png\"}},{\"type\":\"text\",\"props\":{\"margin\":\"default\",\"column_breakpoint\":\"m\",\"text_align\":\"center\",\"content\":\"\n\n<p>Dar Es Salaam, Tansania - Dezember 2011<\\\/p>\"}}]},{\"type\":\"column\",\"props\":{\"image_position\":\"center-center\",\"media_overlay_gradient\":\"\",\"vertical_align\":\"middle\",\"width_medium\":\"1-3\"},\"children\":[{\"type\":\"image\",\"props\":{\"margin\":\"default\",\"image_svg_color\":\"emphasis\",\"text_align\":\"center\",\"image\":\"wp-content\\\/uploads\\\/2019\\\/11\\\/corsi-certificati-termografia-darkwavethermo-01.png\"}},{\"type\":\"text\",\"props\":{\"margin\":\"default\",\"column_breakpoint\":\"m\",\"text_align\":\"center\",\"content\":\"\n\n<p>Maskat, Oman - Februar 2012<\\\/p>\"}}]},{\"type\":\"column\",\"props\":{\"image_position\":\"center-center\",\"media_overlay_gradient\":\"\",\"width_medium\":\"1-3\"},\"children\":[{\"type\":\"image\",\"props\":{\"margin\":\"default\",\"image_svg_color\":\"emphasis\",\"text_align\":\"center\",\"image\":\"wp-content\\\/uploads\\\/2020\\\/03\\\/PJA_5839-scaled.jpg\"}},{\"type\":\"text\",\"props\":{\"margin\":\"default\",\"column_breakpoint\":\"m\",\"text_align\":\"center\",\"content\":\"\n\n<p>Dammam, KSA - Mai 2013<\\\/p>\"}}]}]},{\"type\":\"row\",\"props\":{\"layout\":\"1-3,1-3,1-3\",\"margin\":\"large\",\"margin_remove_top\":false,\"column_gap\":\"large\",\"row_gap\":\"large\"},\"children\":[{\"type\":\"column\",\"props\":{\"image_position\":\"center-center\",\"media_overlay_gradient\":\"\",\"width_medium\":\"1-3\"},\"children\":[{\"type\":\"image\",\"props\":{\"margin\":\"default\",\"image_svg_color\":\"emphasis\",\"text_align\":\"center\",\"image\":\"wp-content\\\/uploads\\\/2020\\\/03\\\/IMG_1453-scaled.jpg\"}},{\"type\":\"text\",\"props\":{\"margin\":\"default\",\"column_breakpoint\":\"m\",\"text_align\":\"center\",\"content\":\"\n\n<p>Dammam, KSA - Mai 2017<\\\/p>\"}}]},{\"type\":\"column\",\"props\":{\"image_position\":\"center-center\",\"media_overlay_gradient\":\"\",\"vertical_align\":\"middle\",\"width_medium\":\"1-3\"},\"children\":[{\"type\":\"image\",\"props\":{\"margin\":\"default\",\"image_svg_color\":\"emphasis\",\"text_align\":\"center\",\"image\":\"wp-content\\\/uploads\\\/2019\\\/11\\\/corsi-certificati-termografia-darkwavethermo-02.png\"}},{\"type\":\"text\",\"props\":{\"margin\":\"default\",\"column_breakpoint\":\"m\",\"text_align\":\"center\",\"content\":\"\n\n<p>Dubai, Vereinigte Arabische Emirate - Mai 2016<\\\/p>\"}}]},{\"type\":\"column\",\"props\":{\"image_position\":\"center-center\",\"media_overlay_gradient\":\"\",\"width_medium\":\"1-3\"},\"children\":[{\"type\":\"image\",\"props\":{\"margin\":\"default\",\"image_svg_color\":\"emphasis\",\"text_align\":\"center\",\"image\":\"wp-content\\\/uploads\\\/2020\\\/03\\\/IMG_7675-scaled.jpeg\"}},{\"type\":\"text\",\"props\":{\"margin\":\"default\",\"column_breakpoint\":\"m\",\"text_align\":\"center\",\"content\":\"\n\n<p>Doha, Qatar - April 2018<\\\/p>\"}}]}]}]},{\"type\":\"section\",\"props\":{\"style\":\"default\",\"width\":\"default\",\"vertical_align\":\"middle\",\"title_position\":\"top-left\",\"title_rotation\":\"left\",\"title_breakpoint\":\"xl\",\"image_position\":\"center-center\"},\"children\":[{\"type\":\"row\",\"children\":[{\"type\":\"column\",\"props\":{\"image_position\":\"center-center\",\"media_overlay_gradient\":\"\",\"width_medium\":\"1-1\"},\"children\":[]}]}],\"name\":\"SLIDER img\"},{\"type\":\"section\",\"props\":{\"style\":\"default\",\"width\":\"default\",\"vertical_align\":\"middle\",\"title_position\":\"top-left\",\"title_rotation\":\"left\",\"title_breakpoint\":\"xl\",\"image_position\":\"top-left\",\"image\":\"\",\"image_size\":\"contain\",\"image_visibility\":\"s\"},\"children\":[{\"type\":\"row\",\"props\":{\"layout\":\"1-2,1-2\",\"width_expand\":\"left\",\"divider\":false},\"children\":[{\"type\":\"column\",\"props\":{\"image_position\":\"center-left\",\"media_overlay_gradient\":\"\",\"vertical_align\":\"middle\",\"image\":\"\",\"image_size\":\"contain\",\"image_height\":\"700\",\"width_medium\":\"1-2\"},\"children\":[{\"type\":\"image\",\"props\":{\"margin\":\"default\",\"image_svg_color\":\"emphasis\",\"image\":\"wp-content\\\/uploads\\\/2020\\\/03\\\/IMG_0397-scaled.jpeg\",\"image_width\":\"1200\",\"position_left\":\"-60\"}}]},{\"type\":\"column\",\"props\":{\"image_position\":\"center-center\",\"media_overlay_gradient\":\"\",\"width_medium\":\"1-2\"},\"children\":[{\"type\":\"list\",\"props\":{\"show_image\":true,\"show_link\":true,\"image_svg_color\":\"emphasis\",\"image_align\":\"left\",\"image_vertical_align\":false,\"position\":\"relative\",\"maxwidth\":\"large\",\"position_left\":\"0\",\"css\":\"svg {width:40px}\",\"position_top\":\"120\",\"list_size\":\"\",\"list_element\":\"ul\",\"column_breakpoint\":\"m\"},\"children\":[{\"type\":\"list_item\",\"props\":{\"content\":\"\n\n<p>Luca del Nero ist technischer Leiter von DarkWave Thermo und Gr\\u00fcndungsmitglied der italienischen Vereinigung f\\u00fcr Infrarot-Thermografie. Er ist Thermografie-Anwender der Stufe III mit ITC, Stufe III ISO 9712 mit IIS und Level II ISO 18436 PCD mit dem renommierten englischen BINDT-Institut. Er arbeitet seit Jahren als internationaler Thermografie-Ausbilder f\\u00fcr das ITC \\u2013 Infrared Training Center.<\\\/p>\\n\n\n<p>In den letzten 9 Jahren hat er weltweit \\u00fcber 4000 Stunden zertifizierte Schulungen gegeben.<\\\/p>\\n\n\n<p>Er hat Kurse f\\u00fcr Thermografie-Anwender, Vor-Ort-Kurse f\\u00fcr industrielle Anwendungen, Kurse f\\u00fcr den Photovoltaik-Bereich und fortgeschrittene Kurse f\\u00fcr das Bauwesen gegeben.<\\\/p>\\n\n\n<p>Als Sch\\u00fcler und Freund von Roberto Rinaldi, EMEA-Manager von ITC und einer der f\\u00fchrenden europ\\u00e4ischen Thermografie-Experten, ist er Autor des umfassendsten Kurses f\\u00fcr fortgeschrittene thermografische Diagnose im Bauwesen.<\\\/p>\",\"icon\":\"triangle-left\"}}]}]}]}],\"name\":\"section\"},{\"type\":\"section\",\"props\":{\"style\":\"secondary\",\"width\":\"small\",\"vertical_align\":\"middle\",\"title_position\":\"top-left\",\"title_rotation\":\"left\",\"title_breakpoint\":\"xl\",\"image_position\":\"center-center\",\"preserve_color\":true,\"padding_remove_top\":true,\"css\":\".uk-table td {padding: 16px 3px;}\",\"image\":\"\",\"image_size\":\"cover\"},\"children\":[{\"type\":\"row\",\"children\":[{\"type\":\"column\",\"props\":{\"image_position\":\"center-center\",\"media_overlay_gradient\":\"\",\"width_medium\":\"1-1\"},\"children\":[{\"type\":\"icon\",\"props\":{\"icon\":\"triangle-down\",\"margin\":\"remove-vertical\",\"text_align\":\"center\",\"css\":\".uk-icon {margin:-35px;color:white;}\",\"icon_width\":100}},{\"type\":\"headline\",\"props\":{\"title_element\":\"h3\",\"title_style\":\"h3\",\"maxwidth\":\"2xlarge\",\"block_align\":\"center\",\"text_align\":\"center\",\"content\":\"\n\n<p><strong>Ein Kurs von ITC-Infrared Training Center \\u2013 ist einzigartig und unnachahmlich.<\\\/strong><\\\/p>\\n\n\n<p><strong>F\\u00fcr Thermografie-Anwender auf der Suche nach einer\\u00a0 Spitzenausbildung.<\\\/strong><\\\/p>\",\"css\":\".el-element {color:white;}\"}},{\"type\":\"button\",\"props\":{\"margin\":\"medium\",\"text_align\":\"center\",\"css\":\".uk-button {font-weight:bold;border-radius:30px;text-transform:none;box-shadow:none;}\",\"grid_column_gap\":\"small\",\"grid_row_gap\":\"small\"},\"children\":[{\"type\":\"button_item\",\"props\":{\"button_style\":\"secondary\",\"icon_align\":\"left\",\"content\":\"Kontakt\",\"link\":\"de\\\/contattaci\\\/\"}}],\"name\":\"Button Secondary\"}]}]}],\"name\":\"Pre footer contattaci\"}],\"version\":\"2.3.27\",\"type\":\"layout\"} --><\/p>\n","protected":false},"excerpt":{"rendered":"<p>Zeit und Geld in einen nach ISO 9712 und ISO 18436 zertifizierten Thermografie-Kurs zu investieren bedeutet, den st\u00e4ndig wachsenden Anforderungen in der Industrie gerecht zu werden. Wir sind stolzer Partner von ITC \u2013 Infrared Training Center, der f\u00fchrenden Schule f\u00fcr Infrarot-Thermografie weltweit. M\u00f6chten Sie zertifizierter Thermografie-Anwender mit einer weltweit anerkannten Zertifizierung und fundiertem Fachwissen werden? [&hellip;]<\/p>\n","protected":false},"author":1,"featured_media":0,"parent":38161,"menu_order":0,"comment_status":"closed","ping_status":"closed","template":"","meta":[],"_links":{"self":[{"href":"https:\/\/darkwavethermo.com\/de\/wp-json\/wp\/v2\/pages\/38497"}],"collection":[{"href":"https:\/\/darkwavethermo.com\/de\/wp-json\/wp\/v2\/pages"}],"about":[{"href":"https:\/\/darkwavethermo.com\/de\/wp-json\/wp\/v2\/types\/page"}],"author":[{"embeddable":true,"href":"https:\/\/darkwavethermo.com\/de\/wp-json\/wp\/v2\/users\/1"}],"replies":[{"embeddable":true,"href":"https:\/\/darkwavethermo.com\/de\/wp-json\/wp\/v2\/comments?post=38497"}],"version-history":[{"count":25,"href":"https:\/\/darkwavethermo.com\/de\/wp-json\/wp\/v2\/pages\/38497\/revisions"}],"predecessor-version":[{"id":45129,"href":"https:\/\/darkwavethermo.com\/de\/wp-json\/wp\/v2\/pages\/38497\/revisions\/45129"}],"up":[{"embeddable":true,"href":"https:\/\/darkwavethermo.com\/de\/wp-json\/wp\/v2\/pages\/38161"}],"wp:attachment":[{"href":"https:\/\/darkwavethermo.com\/de\/wp-json\/wp\/v2\/media?parent=38497"}],"curies":[{"name":"wp","href":"https:\/\/api.w.org\/{rel}","templated":true}]}}