{"id":40832,"date":"2019-08-06T14:07:46","date_gmt":"2019-08-06T12:07:46","guid":{"rendered":"https:\/\/darkwavethermo.com\/contattaci\/"},"modified":"2021-05-04T13:46:59","modified_gmt":"2021-05-04T11:46:59","slug":"contattaci","status":"publish","type":"page","link":"https:\/\/darkwavethermo.com\/fr\/contattaci\/","title":{"rendered":"Contactez-nous"},"content":{"rendered":"<h1>Condition Monitoring et analyse thermographique avanc\u00e9e.<\/h1>\n<h3>Diagnostics sur les panneaux et syst\u00e8mes \u00e9lectriques, les machines et les installations. Syst\u00e8mes de l&rsquo;industrie 4.0<\/h3>\n<h3>Inspection et analyse \u00e0 l&rsquo;aide de Motion Amplification\u00ae, de la thermographie, de l&rsquo;analyse des vibrations et des roulements, de l&rsquo;analyse par ultrasons, du test des moteurs et des techniques de d\u00e9charge partielle.<\/h3>\n<div>\n<p>Analyse avec des techniciens certifi\u00e9s et des cam\u00e9ras thermiques toujours calibr\u00e9es.<\/p>\n<\/div>\n<div>\n<p><strong><span style=\"font-size: 21px;\">DarkWave Thermo S.r.l.<\/span><\/strong><\/p>\n<p>+39 331 3485866 <br \/>+39 347 9272219 <br \/>Via Mantova, 15-21 \u2013 25123 Brescia \u2013 Italy<br \/>http:\/\/www.darkwavethermo.com<br \/>info@darkwavethermo.com<\/p>\n<p><strong><span style=\"font-size: 21px;\">DarkWave Thermo Schweiz KLG<\/span><\/strong><\/p>\n<p>+41 796 111695<br \/>Furl\u00e4ngeweg, 655 &#8211; 5325 Leibstadt &#8211; Switzerland<br \/>http:\/\/www.darkwavethermo.com<br \/>info@darkwavethermo.com<\/p>\n<p>Votre <strong>Thermographie<\/strong> et <strong>Condition Monitoring<\/strong> en Lombardie, V\u00e9n\u00e9tie, Trentin, Frioul-V\u00e9n\u00e9tie Julienne, Pi\u00e9mont, dans tout le <strong>Nord de l&rsquo;Italie<\/strong> et m\u00eame \u00e0 l&rsquo;\u00e9tranger, vous pouvez le trouver chez nous \u00e0 DarkWave Thermo.<\/p>\n<p>Experts et <strong>distributeurs exclusifs<\/strong> de l&rsquo;incroyable et innovant syst\u00e8me pour \u00ab\u00a0voir\u00a0\u00bb les vibrations <strong>Motion Amplification<\/strong>\u00ae, pour <strong>l&rsquo;Italie<\/strong> et la <strong>Suisse<\/strong>.<\/p>\n<\/div>\n<div>\n<p><strong>Nous sommes l\u00e0 pour r\u00e9pondre \u00e0 vos besoins.<\/strong><\/p>\n<p>Vous avez besoin d&rsquo;une analyse instrumentale, d&rsquo;une consultation, d&rsquo;un support, d&rsquo;une instrumentation portable, d&rsquo;un syst\u00e8me fixe ?<\/p>\n<p>\u00c9crivez-nous et nous vous r\u00e9pondrons dans les plus brefs d\u00e9lais.<\/p>\n<p>Vous pouvez \u00e9num\u00e9rer ci-dessous tous les d\u00e9tails utiles pour r\u00e9pondre \u00e0 toutes vos questions.<\/p>\n<\/div>\n<div>\n<div role=\"form\" class=\"wpcf7\" id=\"wpcf7-f40831-o1\" lang=\"it-IT\" dir=\"ltr\">\n<div class=\"screen-reader-response\"><p role=\"status\" aria-live=\"polite\" aria-atomic=\"true\"><\/p> <ul><\/ul><\/div>\n<form action=\"\/fr\/wp-json\/wp\/v2\/pages\/40832#wpcf7-f40831-o1\" method=\"post\" class=\"wpcf7-form init\" novalidate=\"novalidate\" data-status=\"init\">\n<div style=\"display: none;\">\n<input type=\"hidden\" name=\"_wpcf7\" value=\"40831\" \/>\n<input type=\"hidden\" name=\"_wpcf7_version\" value=\"5.3.2\" \/>\n<input type=\"hidden\" name=\"_wpcf7_locale\" value=\"it_IT\" \/>\n<input type=\"hidden\" name=\"_wpcf7_unit_tag\" value=\"wpcf7-f40831-o1\" \/>\n<input type=\"hidden\" name=\"_wpcf7_container_post\" value=\"0\" \/>\n<input type=\"hidden\" name=\"_wpcf7_posted_data_hash\" value=\"\" \/>\n<input type=\"hidden\" name=\"_wpcf7_recaptcha_response\" value=\"\" \/>\n<\/div>\n<p><label> Pr\u00e9nom et nome de familie<br \/>\n    <span class=\"wpcf7-form-control-wrap your-name\"><input type=\"text\" name=\"your-name\" value=\"\" size=\"40\" class=\"wpcf7-form-control wpcf7-text wpcf7-validates-as-required\" aria-required=\"true\" aria-invalid=\"false\" placeholder=\"\u00c9crivez votre nom ici\" \/><\/span> <\/label><\/p>\n<p><label> E-mail<br \/>\n    <span class=\"wpcf7-form-control-wrap your-email\"><input type=\"email\" name=\"your-email\" value=\"\" size=\"40\" class=\"wpcf7-form-control wpcf7-text wpcf7-email wpcf7-validates-as-required wpcf7-validates-as-email\" aria-required=\"true\" aria-invalid=\"false\" placeholder=\"\u00c9crivez votre e-mail ici\" \/><\/span> <\/label><\/p>\n<p><label> Message<br \/>\n    <span class=\"wpcf7-form-control-wrap your-message\"><textarea name=\"your-message\" cols=\"40\" rows=\"10\" class=\"wpcf7-form-control wpcf7-textarea\" aria-invalid=\"false\" placeholder=\"\u00c9crivez votre message ici\"><\/textarea><\/span> <\/label><\/p>\n<p><span class=\"wpcf7-form-control-wrap consenso\"><span class=\"wpcf7-form-control wpcf7-acceptance\"><span class=\"wpcf7-list-item\"><label><input type=\"checkbox\" name=\"consenso\" value=\"1\" aria-invalid=\"false\" \/><span class=\"wpcf7-list-item-label\">J'accepte que les donn\u00e9es soient trait\u00e9es conform\u00e9ment \u00e0 la politique de confidentialit\u00e9 (*)<\/span><\/label><\/span><\/span><\/span><\/p>\n<div style=\"text-align:center\"><input type=\"submit\" value=\"Contactez-nous\" class=\"wpcf7-form-control wpcf7-submit\" \/><\/div>\n<div class=\"wpcf7-response-output\" aria-hidden=\"true\"><\/div><\/form><\/div><\/div>\n<div>\n<p>    <iframe src=\"https:\/\/www.google.com\/maps\/embed?pb=!1m18!1m12!1m3!1d2794.7334736436355!2d10.230785315658958!3d45.53556873669921!2m3!1f0!2f0!3f0!3m2!1i1024!2i768!4f13.1!3m3!1m2!1s0x47817619fdf490af%3A0x54c3cf5deac995ab!2sDarkWave%20Thermo%20di%20Luca%20Del%20Nero%20S.a.s.!5e0!3m2!1sit!2sit!4v1576137921063!5m2!1sit!2sit\" width=\"600\" height=\"450\" frameborder=\"0\" style=\"border:0;\" allowfullscreen=\"\"><\/iframe>\n<\/div>\n<hr>\n<div>\n<p>    <iframe src=\"https:\/\/www.google.com\/maps\/embed?pb=!1m18!1m12!1m3!1d3020.2213352728727!2d8.170898601705815!3d47.59285545451888!2m3!1f0!2f0!3f0!3m2!1i1024!2i768!4f13.1!3m3!1m2!1s0x0%3A0x0!2zNDfCsDM1JzM2LjIiTiA4wrAxMCc0MS4wIkU!5e0!3m2!1sen!2s!4v1616756843879!5m2!1sen!2s\" width=\"600\" height=\"450\" style=\"border:0;\" allowfullscreen=\"\" loading=\"lazy\"><\/iframe>\n<\/div>\n<p><img src=\"\/wp-content\/uploads\/2019\/12\/logo-dwt-black.png\" alt=\"\"><\/p>\n<h3>Les personnes qui travaillent chez DarkWave Thermo suivent une formation continue, jour apr\u00e8s jour.<\/p>\n<p><strong>Parce que nous recherchons la connaissance et l&rsquo;expertise, pour r\u00e9soudre les probl\u00e8mes, toujours.<\/strong><br \/><strong>Nous ne nous adaptons pas et nous n&rsquo;abandonnons jamais.<\/strong><\/h3>\n<p><!-- {\"type\":\"layout\",\"children\":[{\"type\":\"section\",\"props\":{\"style\":\"default\",\"width\":\"default\",\"vertical_align\":\"middle\",\"title_position\":\"top-left\",\"title_rotation\":\"left\",\"title_breakpoint\":\"xl\",\"image_position\":\"center-center\"},\"children\":[{\"type\":\"row\",\"props\":{\"layout\":\"1-2,1-2\"},\"children\":[{\"type\":\"column\",\"props\":{\"image_position\":\"center-center\",\"media_overlay_gradient\":\"\",\"width_medium\":\"1-2\"},\"children\":[{\"type\":\"headline\",\"props\":{\"title_element\":\"h1\",\"title_style\":\"h1\",\"content\":\"Condition Monitoring et analyse thermographique avanc\\u00e9e.\"}},{\"type\":\"headline\",\"props\":{\"title_element\":\"h3\",\"title_style\":\"h3\",\"content\":\"Diagnostics sur les panneaux et syst\\u00e8mes \\u00e9lectriques, les machines et les installations. Syst\\u00e8mes de l'industrie 4.0\"}},{\"type\":\"headline\",\"props\":{\"title_element\":\"h3\",\"title_style\":\"h3\",\"content\":\"Inspection et analyse \\u00e0 l'aide de Motion Amplification\\u00ae, de la thermographie, de l'analyse des vibrations et des roulements, de l'analyse par ultrasons, du test des moteurs et des techniques de d\\u00e9charge partielle.\"}},{\"type\":\"text\",\"props\":{\"margin\":\"default\",\"column_breakpoint\":\"m\",\"content\":\"\n\n<p>Analyse avec des techniciens certifi\\u00e9s et des cam\\u00e9ras thermiques toujours calibr\\u00e9es.<\\\/p>\"}}]},{\"type\":\"column\",\"props\":{\"image_position\":\"center-center\",\"media_overlay_gradient\":\"\",\"width_medium\":\"1-2\"},\"children\":[{\"type\":\"text\",\"props\":{\"margin\":\"default\",\"column_breakpoint\":\"m\",\"content\":\"\n\n<p><strong><span style=\\\"font-size: 21px;\\\">DarkWave Thermo S.r.l.<\\\/span><\\\/strong><\\\/p>\\n\n\n<p>+39 331 3485866 <br \\\/>+39 347 9272219 <br \\\/>Via Mantova, 15-21 \\u2013 25123 Brescia \\u2013 Italy<br \\\/>http:\\\/\\\/www.darkwavethermo.com<br \\\/>info@darkwavethermo.com<\\\/p>\\n\n\n<p><strong><span style=\\\"font-size: 21px;\\\">DarkWave Thermo Schweiz KLG<\\\/span><\\\/strong><\\\/p>\\n\n\n<p>+41 796 111695<br \\\/>Furl\\u00e4ngeweg, 655 - 5325 Leibstadt - Switzerland<br \\\/>http:\\\/\\\/www.darkwavethermo.com<br \\\/>info@darkwavethermo.com<\\\/p>\\n\n\n<p>Votre <strong>Thermographie<\\\/strong> et <strong>Condition Monitoring<\\\/strong> en Lombardie, V\\u00e9n\\u00e9tie, Trentin, Frioul-V\\u00e9n\\u00e9tie Julienne, Pi\\u00e9mont, dans tout le <strong>Nord de l'Italie<\\\/strong> et m\\u00eame \\u00e0 l'\\u00e9tranger, vous pouvez le trouver chez nous \\u00e0 DarkWave Thermo.<\\\/p>\\n\n\n<p>Experts et <strong>distributeurs exclusifs<\\\/strong> de l'incroyable et innovant syst\\u00e8me pour \\\"voir\\\" les vibrations <strong>Motion Amplification<\\\/strong>\\u00ae, pour <strong>l'Italie<\\\/strong> et la <strong>Suisse<\\\/strong>.<\\\/p>\"}}]}]}]},{\"type\":\"section\",\"props\":{\"style\":\"default\",\"width\":\"default\",\"vertical_align\":\"middle\",\"title_position\":\"top-left\",\"title_rotation\":\"left\",\"title_breakpoint\":\"xl\",\"image_position\":\"center-center\",\"padding\":\"large\",\"padding_remove_top\":true},\"children\":[{\"type\":\"row\",\"props\":{\"layout\":\"1-2,1-2\"},\"children\":[{\"type\":\"column\",\"props\":{\"image_position\":\"center-center\",\"media_overlay_gradient\":\"\",\"style\":\"secondary\",\"width_medium\":\"1-2\"},\"children\":[{\"type\":\"text\",\"props\":{\"margin\":\"default\",\"column_breakpoint\":\"m\",\"content\":\"\n\n<p><strong>Nous sommes l\\u00e0 pour r\\u00e9pondre \\u00e0 vos besoins.<\\\/strong><\\\/p>\\n\n\n<p>Vous avez besoin d'une analyse instrumentale, d'une consultation, d'un support, d'une instrumentation portable, d'un syst\\u00e8me fixe ?<\\\/p>\\n\n\n<p>\\u00c9crivez-nous et nous vous r\\u00e9pondrons dans les plus brefs d\\u00e9lais.<\\\/p>\\n\n\n<p>Vous pouvez \\u00e9num\\u00e9rer ci-dessous tous les d\\u00e9tails utiles pour r\\u00e9pondre \\u00e0 toutes vos questions.<\\\/p>\",\"css\":\".el-element {color:#ffffff}\"}},{\"type\":\"html\",\"props\":{\"content\":\"[contact-form-7 id=\\\"40831\\\" title=\\\"Contactez-nous\\\"]\",\"css\":\"input.wpcf7-form-control.wpcf7-text.wpcf7-validates-as-required {height: 40px;border-radius: 30px;border: none;padding-left: 10px;   width: 98%;}\\n\\ntextarea.wpcf7-form-control.wpcf7-textarea {   border-radius: 14px;border: none;padding-left: 10px;padding-top: 10px;width: 98%;}\\n\\nlabel {padding-left: 10px;font-weight:bold;color:#ffffff;}\\n\\ninput.wpcf7-form-control.wpcf7-submit {border-radius:30px;font-size:14px;line-height:40px;padding: 0 80px 0 80px;font-weight:bold;color:#ffffff;background:#3391FF;border:none;}\\n\\n::-webkit-input-placeholder {color: #C7C7C7;font-size:13px;font-weight:lighter}\\n\\nspan.wpcf7-list-item {margin: 0;}\"}}]},{\"type\":\"column\",\"props\":{\"image_position\":\"center-center\",\"media_overlay_gradient\":\"\",\"width_medium\":\"1-2\"},\"children\":[{\"type\":\"html\",\"props\":{\"content\":\"<iframe src=\\\"https:\\\/\\\/www.google.com\\\/maps\\\/embed?pb=!1m18!1m12!1m3!1d2794.7334736436355!2d10.230785315658958!3d45.53556873669921!2m3!1f0!2f0!3f0!3m2!1i1024!2i768!4f13.1!3m3!1m2!1s0x47817619fdf490af%3A0x54c3cf5deac995ab!2sDarkWave%20Thermo%20di%20Luca%20Del%20Nero%20S.a.s.!5e0!3m2!1sit!2sit!4v1576137921063!5m2!1sit!2sit\\\" width=\\\"600\\\" height=\\\"450\\\" frameborder=\\\"0\\\" style=\\\"border:0;\\\" allowfullscreen=\\\"\\\"><\\\/iframe>\"}},{\"type\":\"divider\",\"props\":{\"divider_element\":\"hr\"}},{\"type\":\"html\",\"props\":{\"content\":\"<iframe src=\\\"https:\\\/\\\/www.google.com\\\/maps\\\/embed?pb=!1m18!1m12!1m3!1d3020.2213352728727!2d8.170898601705815!3d47.59285545451888!2m3!1f0!2f0!3f0!3m2!1i1024!2i768!4f13.1!3m3!1m2!1s0x0%3A0x0!2zNDfCsDM1JzM2LjIiTiA4wrAxMCc0MS4wIkU!5e0!3m2!1sen!2s!4v1616756843879!5m2!1sen!2s\\\" width=\\\"600\\\" height=\\\"450\\\" style=\\\"border:0;\\\" allowfullscreen=\\\"\\\" loading=\\\"lazy\\\"><\\\/iframe>\"}},{\"type\":\"image\",\"props\":{\"margin\":\"medium\",\"image_svg_color\":\"emphasis\",\"text_align\":\"center\",\"image\":\"wp-content\\\/uploads\\\/2019\\\/12\\\/logo-dwt-black.png\",\"margin_remove_bottom\":true}},{\"type\":\"headline\",\"props\":{\"title_element\":\"h3\",\"title_style\":\"h3\",\"margin\":\"default\",\"text_align\":\"center\",\"content\":\"Les personnes qui travaillent chez DarkWave Thermo suivent une formation continue, jour apr\\u00e8s jour.<br \\\/><br \\\/><strong>Parce que nous recherchons la connaissance et l'expertise, pour r\\u00e9soudre les probl\\u00e8mes, toujours.<\\\/strong><br \\\/><strong>Nous ne nous adaptons pas et nous n'abandonnons jamais.<\\\/strong>\"}}]}]}]}],\"version\":\"2.3.27\"} --><\/p>\n","protected":false},"excerpt":{"rendered":"<p>Condition Monitoring et analyse thermographique avanc\u00e9e. Diagnostics sur les panneaux et syst\u00e8mes \u00e9lectriques, les machines et les installations. Syst\u00e8mes de l&rsquo;industrie 4.0 Inspection et analyse \u00e0 l&rsquo;aide de Motion Amplification\u00ae, de la thermographie, de l&rsquo;analyse des vibrations et des roulements, de l&rsquo;analyse par ultrasons, du test des moteurs et des techniques de d\u00e9charge partielle. Analyse [&hellip;]<\/p>\n","protected":false},"author":1,"featured_media":0,"parent":0,"menu_order":0,"comment_status":"closed","ping_status":"closed","template":"","meta":[],"_links":{"self":[{"href":"https:\/\/darkwavethermo.com\/fr\/wp-json\/wp\/v2\/pages\/40832"}],"collection":[{"href":"https:\/\/darkwavethermo.com\/fr\/wp-json\/wp\/v2\/pages"}],"about":[{"href":"https:\/\/darkwavethermo.com\/fr\/wp-json\/wp\/v2\/types\/page"}],"author":[{"embeddable":true,"href":"https:\/\/darkwavethermo.com\/fr\/wp-json\/wp\/v2\/users\/1"}],"replies":[{"embeddable":true,"href":"https:\/\/darkwavethermo.com\/fr\/wp-json\/wp\/v2\/comments?post=40832"}],"version-history":[{"count":16,"href":"https:\/\/darkwavethermo.com\/fr\/wp-json\/wp\/v2\/pages\/40832\/revisions"}],"predecessor-version":[{"id":41115,"href":"https:\/\/darkwavethermo.com\/fr\/wp-json\/wp\/v2\/pages\/40832\/revisions\/41115"}],"wp:attachment":[{"href":"https:\/\/darkwavethermo.com\/fr\/wp-json\/wp\/v2\/media?parent=40832"}],"curies":[{"name":"wp","href":"https:\/\/api.w.org\/{rel}","templated":true}]}}